{"id":27166,"date":"2022-05-14T17:38:12","date_gmt":"2022-05-14T15:38:12","guid":{"rendered":"http:\/\/covermagazin.com\/?page_id=27166"},"modified":"2022-05-14T17:39:14","modified_gmt":"2022-05-14T15:39:14","slug":"skorpion-kako-zavesti-horoskopski-znak-skorpion","status":"publish","type":"page","link":"https:\/\/covermagazin.com\/?page_id=27166","title":{"rendered":"\u0160korpion &#8211; kako zavesti \u0161korpiona"},"content":{"rendered":"\n<p><a href=\"https:\/\/covermagazin.com\/wp-content\/uploads\/2020\/06\/skorpion-kako-zavesti.jpg\"><img loading=\"lazy\" decoding=\"async\" class=\"alignnone size-full wp-image-39355\" src=\"https:\/\/covermagazin.com\/wp-content\/uploads\/2020\/06\/skorpion-kako-zavesti.jpg\" alt=\"\" width=\"600\" height=\"400\" srcset=\"https:\/\/covermagazin.com\/wp-content\/uploads\/2020\/06\/skorpion-kako-zavesti.jpg 600w, https:\/\/covermagazin.com\/wp-content\/uploads\/2020\/06\/skorpion-kako-zavesti-300x200.jpg 300w, https:\/\/covermagazin.com\/wp-content\/uploads\/2020\/06\/skorpion-kako-zavesti-576x384.jpg 576w\" sizes=\"auto, (max-width: 600px) 100vw, 600px\" \/><\/a><\/p>\n\n\n\n<h2 class=\"wp-block-heading\">\u0160korpion &#8211; kako zavesti \u0161korpiona<\/h2>\n\n\n\n<p>\u0160korpion spada me\u0111u zavodni\u010dke znakove.<\/p>\n\n\n\n<p>Od svojih partnera tra\u017ei veliku odanost i ni u kom slu\u010daju ne smijete gledati na stranu nego svu svoju pozornost usmjerite na njega.<\/p>\n\n\n\n<p>\u0160korpion je inteligentan ali i intuitivan, stoga \u0107ete ga vrlo te\u0161ko prevariti. Djeluje dosta privla\u010dno, skoro magnetski na sve osobe koje mu se na\u0111u u blizini. Osobe ro\u0111ene u ovom znaku su ma\u0161toviti i uzbudljivi ljubavni partneri.<\/p>\n\n\n\n<p>Kad si zadaju cilj ni\u0161ta ih ne mo\u017ee sprije\u010diti u njegovom ostvarivanju. Iako djeluju hladnokrvno, jako su emotivne osobe. Kada se zaljube znaju biti romanti\u010dni, a za svoga partnera bi i zvijezde s neba skinuli.<\/p>\n\n\n\n<p>\u0160korpioni nisu spremni na kompromise, posesivni su, ljubomorni, a ponekad \u010dak i paranoi\u010dni. Ukoliko povrijedite \u0161korpiona on vam to nikad ne\u0107e oprostiti i vratit \u0107e vam na najgori mogu\u0107i na\u010din. Vjerujte nam, bolje vam je da ne osjetite na vlastitoj ko\u017ei kako se osve\u0107uje \u0161korpion, uvijek, ba\u0161 uvijek poga\u0111aju u tamo gdje najvi\u0161e boli.<\/p>\n\n\n\n<p>Ako \u017eelite zavesti \u0161korpiona igrajte inteligentnu igru. Neka va\u0161e namjere nasluti ali pustite ga neka on osvaja vas. Mu\u0161karac i \u017eena \u0161korpion se pona\u0161aju potpuno razli\u010dito kod zavo\u0111enja, ali uvijek oni osvajaju. Ako se upustite u vezu s njim obavezno mu budite vjerni i nemojte ga lagati.<br>Ako vam se u\u010dini da je \u0161korpion u jednom trenutku potpuno zagrijan a u drugom hladan to je zbog \u0161korpionove sklonosti promjenama raspolo\u017eenja. Prihvatite te njegove promjene i nastavite se pona\u0161ati kao da je sve o.k.<\/p>\n\n\n\n<h3 class=\"wp-block-heading\"><strong>Kako zavesti \u0161korpiona<\/strong>?<\/h3>\n\n\n\n<p><strong>Najbolje se sla\u017eu s rakom i ribom.<\/strong><br><strong>Ne sla\u017eu se s blizancima i vagom.<\/strong><\/p>\n\n\n\n<h3 class=\"wp-block-heading\">\u0160korpion \u2013 Ovan: \ud83d\ude42 \ud83d\ude41<\/h3>\n\n\n\n<p>Od svih veza u ovoj \u0107e se najte\u017ee prona\u0107i zajedni\u010dki jezik. Oba znaka su \u010dvrstog karaktera i te\u0161ko se prilago\u0111avaju ili mijenjaju. Kada se tome doda i izra\u017eena ljubomora s obje strane sklad je te\u0161ko posti\u0107i. Me\u0111utim, budu\u0107i da su \u0161korpioni inteligentne osobe, te lako mogu pro\u010ditati ovna, ako im je zaista stalo do veze mogu je odr\u017eati.<\/p>\n\n\n\n<h3 class=\"wp-block-heading\">\u0160korpion \u2013 Bik: \ud83d\ude42 \ud83d\ude41<\/h3>\n\n\n\n<p>Ova astrolo\u0161ki gledano neutralna kombinacija bolje funkcionira na poslovnom planu nego u ljubavnoj vezi. Zbli\u017eava ih sli\u010dan stav prema financijama kao i obiteljskom \u017eivotu. Glavna prepreka dobroj vezi je njihova tvrdoglavost. Tako\u0111er, bika smeta \u0161korpionova stalna \u017eelja za dokazivanjem i nespremnost na kompromise.<\/p>\n\n\n\n<h3 class=\"wp-block-heading\">\u0160korpion \u2013 Blizanci: \ud83d\ude41 \ud83d\ude41<\/h3>\n\n\n\n<p>Osje\u0107ajnom \u0161korpionu blizanci nikako nisu dobar izbor. A ako ih slu\u010dajno i privuku, inteligentni \u0161korpion \u0107e ga brzo pro\u010ditati, i shvatiti njegovu povr\u0161nost. Dok je \u0161korpion vi\u0161e okrenut intelektualnom usavr\u0161avanju i osobnom napretku , blizanci su izrazito dru\u0161tveni, te \u0161korpioni ne\u0107e mo\u0107i pratiti njihovu potrebu za dru\u0161tvom. Htjeti \u0107e ih prisvojiti a to \u0107e onda gu\u0161iti blizance.<\/p>\n\n\n\n<h3 class=\"wp-block-heading\">\u0160korpion \u2013 Rak: \ud83d\ude42 \ud83d\ude42 \ud83d\ude42<\/h3>\n\n\n\n<p>Savr\u0161ena kombinacija. Dva znaka razli\u010dite prirode ali koji se potpuno nadopunjuju. Predanost raka partneru umirit \u0107e \u0161korpionovu sumnji\u010davost i ljubomoru. Rakovo izbjegavanje dono\u0161enja odluka odgovarat \u0107e tvrdoglavim \u0161korpionima koji i tako vole da sve bude po njihovom. Oba partnera su emotivci, \u0161to dovodi do savr\u0161enog sklada i zadovoljava oba partnera u potpunosti.<\/p>\n\n\n\n<h3 class=\"wp-block-heading\">\u0160korpion \u2013 Lav: \ud83d\ude41<\/h3>\n\n\n\n<p>Du\u017ea veza me\u0111u ova dva partnera je te\u0161ko ostvariva. Iako imaju neke sli\u010dne osobine svi problemi \u0107e se pojaviti zbog \u017eelje oba partnera za dominacijom. Jednostavno, ako se i jedan partner povu\u010de odre\u0111eno vrijeme i prepusti drugome ulogu \u0161efa, njegova prava osobnost \u0107e isplivati na povr\u0161inu i uslijedit \u0107e ponovna borba. To \u0107e umoriti lava, iako se u ovoj vezi \u010de\u0161\u0107e prvi povla\u010de \u0161korpioni, ina\u010de inteligentniji i racionalniji znak koji \u0107e prije primijetiti kako nisu jedno za drugo. \u0160korpiona \u0107e tako\u0111er smetati lavova rasipnost. Zajedni\u010dka im je strastvenost i osje\u0107ajnost, pa ako ba\u0161 insistiraju to su karakteristike na kojima mogu graditi vezu.<\/p>\n\n\n\n<h3 class=\"wp-block-heading\">\u0160korpion \u2013 Djevica: \ud83d\ude42 \ud83d\ude41<\/h3>\n\n\n\n<p>Ova dva inteligentna znaka brzo \u0107e se na\u0107i. Zavodljivi \u0161korpion lako \u0107e osvojiti djevicu, ali \u010dim ga djevica po\u0111e komentirati \u0161korpion \u0107e nestati brzinom vjetra, jer ne mo\u017ee podnijeti \u010dinjenicu da nije savr\u0161en u svemu \u0161to ima i radi. Ovo na kraju krajeva mo\u017ee biti i uspje\u0161na kombinacija, ako na vrijeme prepoznaju potrebe onog drugog. Djevica ga mora malo manje komentirati, a bilo bi najbolje ako uop\u0107e ne bi prigovarala. Sli\u010dan im je stav prema novcu. Iako djevica nije znak koji bi budio ljubomoru, budu\u0107i da je \u0161korpion jako posesivan, ne smije se dovoditi u situacije koje bi stvorile i najmanju sumnju.<\/p>\n\n\n\n<h3 class=\"wp-block-heading\">\u0160korpion \u2013 Vaga: \ud83d\ude41 \ud83d\ude41<\/h3>\n\n\n\n<p>\u0160korpion je osvaja\u010dki znak, stoga ne \u010dudi \u0161to \u0107e ga privu\u0107i dru\u0161tvena vaga. Me\u0111utim vagina nevjera ne\u0107e nikako odgovarati posesivnom i ljubomornom \u0161korpionu. Njihov odnos prema obitelji je potpuno druga\u010diji, vaga se ne mo\u017ee smiriti u obiteljskom \u017eivotu, dok to treba \u0161korpionu. Vagama \u0107e osje\u0107ajni \u0161korpioni \u010desto izgledati prenema\u017eu\u0107e, i po\u010deti \u0107e se&nbsp; udaljavati od njih u takvim trenucima. \u0160korpionu treba puno vi\u0161e pa\u017enje i odanosti nego \u0161to vaga mo\u017ee pru\u017eiti. Jo\u0161 jedan problem je novac, rastro\u0161nost vaga ne nailazi na razumijevanje kod \u0161korpiona.<\/p>\n\n\n\n<h3 class=\"wp-block-heading\">\u0160korpion \u2013 \u0160korpion: \ud83d\ude42 \ud83d\ude42 \ud83d\ude41 \ud83d\ude41<\/h3>\n\n\n\n<p>U ovom slu\u010daju vrijedi pravilo da se sli\u010dnosti privla\u010de. Svidjet \u0107e se jedan drugome na prvi pogled, a svoju zaljubljenost mogu dosta dugo odr\u017eati. Jedan drugoga \u0107e potpuno razumjeti, pa tako iako su po svojoj prirodi ljubomorne osobe, budu\u0107i da su oba partnera dosta privr\u017eena i ne vole koketiranja sa strane, posesivnost ne\u0107e dolaziti do izra\u017eaja. Ako se zaista \u017eele potpuno razumjeti \u017eena \u0161korpion bi mu\u0161karcu morala ipak prepustiti glavnu rije\u010d i dono\u0161enje odluka. Ukoliko jedan partner razo\u010dara drugoga izbit \u0107e pravi \u017eestoki rat, koji se ne\u0107e lako smiriti.<\/p>\n\n\n\n<h3 class=\"wp-block-heading\">\u0160korpion \u2013 Strijelac: \ud83d\ude41<\/h3>\n\n\n\n<p>Za ova dva znaka, na prvi pogled dosta razli\u010dita, zajedni\u010dka je \u017eelja za osvajanjem. Zato \u0107e se vrlo brzo privu\u0107i i ostvariti bli\u017ei kontakt. Problem \u0107e se pojaviti onog trenutka kada posesivni \u0161korpion poku\u0161ati vezati strijelaca. Iako ih razdvaja dosta drugih osobina ovi znakovi \u0107e rijetko ostati u toliko dugoj vezi gdje \u0107e imati priliku bolje upoznati jedan drugoga.<\/p>\n\n\n\n<h3 class=\"wp-block-heading\">\u0160korpion \u2013 Jarac: \ud83d\ude42 \ud83d\ude42<\/h3>\n\n\n\n<p>Jarac \u0107e osvojiti \u0161korpiona svojom samouvjereno\u0161\u0107u i pouzdano\u0161\u0107u. Oba znaka moraju imati \u010dvrst oslonac, siguran dom i odanog partnera. Budu\u0107i da jarac i nema potrebu za flertom izvan veze, \u0161korpion \u0107e biti zadovoljan sve dok ne shvati koliko je jarcu va\u017ean posao. \u010cak i tada posesivni \u0161korpion \u0107e gnjaviti partnera zbog zanemarivanja. Ukoliko jarac shvati da \u0161korpion nema lo\u0161e namjere, ve\u0107 da je samo zabrinut, veza mo\u017ee dobro funkcionirati.<\/p>\n\n\n\n<h3 class=\"wp-block-heading\">\u0160korpion \u2013 Vodenjak: \ud83d\ude41<\/h3>\n\n\n\n<p>Vodenjak se \u010desto anga\u017eira u mnogobrojnim aktivnostima \u0161to izaziva \u0161korpionovu ljubomoru. On bi svoga partnera najradije zatvorio u ku\u0107u i 24 sata ga imao samo za sebe. Vodenjaci ina\u010de osjetljivi na tu\u0111e probleme i \u017eelje u ovoj kombinaciji ne\u0107e imati toliko razumijevanja.<\/p>\n\n\n\n<h3 class=\"wp-block-heading\">\u0160korpion \u2013 Ribe: \ud83d\ude42 \ud83d\ude42 \ud83d\ude42<\/h3>\n\n\n\n<p>Perfect match, kad se jednom na\u0111u nitko i ni\u0161ta ih ne\u0107e razdvojiti. Od samog po\u010detka mogu planirati brak. Iako su \u0161korpioni prezahtjevni partneri, sklad \u0107e prona\u0107i u dru\u0161tvu ribe. Razvijena intuicija pomo\u0107i \u0107e im da se razumiju i bez glasnog izra\u017eavanja svojih \u017eelja. Riba \u0107e mu dovoljno pokazivati ljubav, te \u0107e se \u0161korpion u ovoj vezi osje\u0107ati kao bubreg u loju.<\/p>\n","protected":false},"excerpt":{"rendered":"<p>\u0160korpion &#8211; kako zavesti \u0161korpiona \u0160korpion spada me\u0111u zavodni\u010dke znakove. Od svojih partnera tra\u017ei veliku odanost i ni u kom slu\u010daju ne smijete gledati na stranu nego svu svoju pozornost usmjerite na njega. \u0160korpion je inteligentan ali i intuitivan, stoga \u0107ete ga vrlo te\u0161ko prevariti. Djeluje dosta privla\u010dno, skoro magnetski na sve osobe koje mu [&hellip;]<\/p>\n","protected":false},"author":1,"featured_media":39355,"parent":28633,"menu_order":0,"comment_status":"closed","ping_status":"closed","template":"","meta":{"footnotes":"","_links_to":"","_links_to_target":""},"class_list":["post-27166","page","type-page","status-publish","has-post-thumbnail","hentry"],"_links":{"self":[{"href":"https:\/\/covermagazin.com\/index.php?rest_route=\/wp\/v2\/pages\/27166","targetHints":{"allow":["GET"]}}],"collection":[{"href":"https:\/\/covermagazin.com\/index.php?rest_route=\/wp\/v2\/pages"}],"about":[{"href":"https:\/\/covermagazin.com\/index.php?rest_route=\/wp\/v2\/types\/page"}],"author":[{"embeddable":true,"href":"https:\/\/covermagazin.com\/index.php?rest_route=\/wp\/v2\/users\/1"}],"replies":[{"embeddable":true,"href":"https:\/\/covermagazin.com\/index.php?rest_route=%2Fwp%2Fv2%2Fcomments&post=27166"}],"version-history":[{"count":4,"href":"https:\/\/covermagazin.com\/index.php?rest_route=\/wp\/v2\/pages\/27166\/revisions"}],"predecessor-version":[{"id":63051,"href":"https:\/\/covermagazin.com\/index.php?rest_route=\/wp\/v2\/pages\/27166\/revisions\/63051"}],"up":[{"embeddable":true,"href":"https:\/\/covermagazin.com\/index.php?rest_route=\/wp\/v2\/pages\/28633"}],"wp:featuredmedia":[{"embeddable":true,"href":"https:\/\/covermagazin.com\/index.php?rest_route=\/wp\/v2\/media\/39355"}],"wp:attachment":[{"href":"https:\/\/covermagazin.com\/index.php?rest_route=%2Fwp%2Fv2%2Fmedia&parent=27166"}],"curies":[{"name":"wp","href":"https:\/\/api.w.org\/{rel}","templated":true}]}}