{"id":27164,"date":"2018-05-16T08:24:06","date_gmt":"2018-05-16T06:24:06","guid":{"rendered":"http:\/\/covermagazin.com\/?page_id=27164"},"modified":"2020-11-09T15:29:42","modified_gmt":"2020-11-09T13:29:42","slug":"strijelac-kako-zavesti-horoskopski-znak-strijelac","status":"publish","type":"page","link":"https:\/\/covermagazin.com\/?page_id=27164","title":{"rendered":"Strijelac &#8211; Kako zavesti strijelca"},"content":{"rendered":"<h3><a href=\"https:\/\/covermagazin.com\/wp-content\/uploads\/2020\/06\/strijelac-kako-zavesti.jpg\"><img loading=\"lazy\" decoding=\"async\" class=\"alignnone size-full wp-image-39358\" src=\"https:\/\/covermagazin.com\/wp-content\/uploads\/2020\/06\/strijelac-kako-zavesti.jpg\" alt=\"\" width=\"600\" height=\"400\" srcset=\"https:\/\/covermagazin.com\/wp-content\/uploads\/2020\/06\/strijelac-kako-zavesti.jpg 600w, https:\/\/covermagazin.com\/wp-content\/uploads\/2020\/06\/strijelac-kako-zavesti-300x200.jpg 300w, https:\/\/covermagazin.com\/wp-content\/uploads\/2020\/06\/strijelac-kako-zavesti-576x384.jpg 576w\" sizes=\"auto, (max-width: 600px) 100vw, 600px\" \/><\/a><\/h3>\n<h3>Strijelac &#8211; Kako zavesti strijelca<\/h3>\n<p>Zanimljiv i optimisti\u010dan znak koji \u017eeli iskoristiti sve \u0161to \u017eivot pru\u017ea.<br \/>\nStrijelac ne robuje nikakvim ograni\u010denjima, zadanim okvirima ni pravilima pona\u0161anja. On u\u017eiva u svojoj slobodi i ne \u017eeli je mijenjati niza\u0161to.<br \/>\nNjega na djelovanje najvi\u0161e, u svim podru\u010djima \u017eivota, poti\u010de natjecanje. Najbolje djeluje kad se mora najvi\u0161e dokazati ili pobijediti nekoga nepobjedivog.<\/p>\n<p>U njegovom dru\u0161tvu je uvijek zabavno.<\/p>\n<p>Tolerantni su, po\u0161teni, ali \u010desto nepromi\u0161ljeni i tvrdoglavi.<\/p>\n<p>Njih privla\u010de originalne, samosvjesne osobe, atraktivnog ili neobi\u010dnog izgleda. Ako vam se svi\u0111a strijelac to mu i poka\u017eite, on voli izravne osobe. Najbolje da ga pozovete u nekakvu avanturu ili bar na akcijski film.<\/p>\n<p>Pona\u0161ajte se kao da ste neosvojivi, igrajte toplo \u2013 hladno, to \u0107e ih jo\u0161 vi\u0161e zainteresirati.<\/p>\n<p>Njegova najve\u0107a mana je \u0161to se te\u0161ko smiri uz jednog partnera, stalno \u017eeli ne\u0161to novo, neku novu avanturu, neki novi \u017eivotni poticaj. \u010cak i kad ste u vezi s njim ne mo\u017eete biti sigurni da ste mu jedini.<\/p>\n<p>Strijelcu odgovaraju: lav, strijelac i vodenjak.<br \/>\nLo\u0161a kombinacija su s jarcem, \u0161korpionom i ribama.<\/p>\n<h3>Strijelac \u2013 Ovan: \ud83d\ude42 \ud83d\ude42<\/h3>\n<p>Ovnovima i strijelcima je zajedni\u010dki optimizam i slobodoumnost, kao i tvrdoglavost i nepromi\u0161ljenost. Ta veza je puna iznena\u0111enja i nikad nije dosadna. Ipak sklonost novim iskustvima strijelaca ponekad je previ\u0161e i za ovnove. Ako \u017eele ostati u du\u017eoj vezi ovnovi moraju nau\u010diti biti tolerantniji prema neuspjelim pothvatima strijelaca i znati da nakon svakog neuspjeha slijedi novi uspje\u0161an poku\u0161aj.<\/p>\n<h3>Strijelac \u2013 Bik: \ud83d\ude42 \ud83d\ude41<\/h3>\n<p>Strijelac se boji monotonije, mirnog i sre\u0111enog \u017eivota, zapravo svega \u010demu te\u017ei bik. Iako uz strijelca bik mo\u017ee pro\u0161iriti svoje vidike i postati fleksibilniji skladne veza te\u0161ko je ostvariva.Za njih je puno bolji prijateljski nego ljubavni odnos.<\/p>\n<h3>Strijelac \u2013 Blizanci: \ud83d\ude42 \ud83d\ude42<\/h3>\n<p>Strijelce blizanci mogu lako privu\u0107i. I jedan i drugi znak su zabavni, komunikativni i izrazito dru\u0161tveni. Blizance \u0107e strijelci osvojiti svojom sposobno\u0161\u0107u da to\u010dno procjene \u0161to njima treba. Ipak njihovi intimni trenuci bit \u0107e dosta rijetki zbog stalne potrebe za bogatim dru\u0161tvenim \u017eivotom. Vole se osje\u0107ati slobodnima. Tolerancija izra\u017eena kod strijelaca pomo\u0107i \u0107e im da za\u017emire na partnerove mane i sa\u010duvaju dobar odnos. Oba znaka vole komentirati pa i ogovarati stoga su dobri i kao prijateljska kombinacija.<\/p>\n<h3>Strijelac \u2013 Rak: \ud83d\ude41<\/h3>\n<p>Sjajne dru\u0161tvene sklonosti strijelaca mogu se \u010diniti na po\u010detku veze zabavnima rakovima i to ih mo\u017ee privu\u0107i. Me\u0111utim, rakovi jednostavno ne mogu pratiti strijelca, te \u0107e nakon odre\u0111enog vremena po\u010deti ostajati kod ku\u0107e nesretni, dok strijelci ne\u0107e ni primijetiti da ih njihovi rakovi ne prate. To dovodi do sve dubljih frustracija kod rakova \u0161to \u0107e strijelcu pokazivati stalnim prigovaranjem. Strijelcima \u0107e smetati njihova mu\u0161i\u010davost, jer vole biti dobro raspolo\u017eeni te \u0107e nakon nekog vremena pokupiti svoje stvari i re\u0107i dovi\u0111enja. Njihova veza bi i mogla uspjeti ako strijelac poka\u017ee svoju tolerantnost i poku\u0161a razumjeti nesretnog raka.<\/p>\n<h3>Strijelac \u2013 Lav: \ud83d\ude42 \ud83d\ude42 \ud83d\ude42<\/h3>\n<p>Lav i strijelac su zaista dobar par. U nekim stvarima su sli\u010dni u nekim razli\u010diti, ali bitno je da su sli\u010dni tamo gdje treba a razli\u010diti u onim karakteristikama koje nisu va\u017ene partneru. Mogli bi smo re\u0107i da se savr\u0161eno nadopunjuju i uzajamno razumiju.<\/p>\n<h3>Strijelac \u2013 Djevica: \ud83d\ude42 \ud83d\ude41<\/h3>\n<p>Intuitivni strijelac lako \u0107e osvojiti djevicu, jer \u0107e u svakom trenutku to\u010dno znati \u0161to djevici treba i kakve su joj \u017eelje. Me\u0111utim, to \u0107e biti samo po\u010detni zanos. Strijelac nije sklon sre\u0111enom i mirnom \u017eivotu \u0161to djevica o\u010dekuje od svoga partnera. Iako djevica po svojoj prirodi nije ljubomorna osoba, strijelac bi u njoj mogao pobuditi takve osje\u0107aje. Zajedni\u010dka im je ljubav prema prirodi i putovanjima pa ih i to mo\u017ee spojiti.<\/p>\n<h3>Strijelac \u2013 Vaga: \ud83d\ude42 \ud83d\ude41<\/h3>\n<p>Velika je vjerojatnost da \u0107e se privu\u0107i ova dva izrazito dru\u0161tvena, velikodu\u0161na i zabavna znaka. Strijelac zna kako privu\u0107i ne\u010diju pa\u017enju ali i kako osvojiti. On voli neosvojive osobe pa ga tako neodlu\u010dnost vage zapravo privla\u010di. Ni jedan od njih ne voli miran i sre\u0111en \u017eivot pa iako \u0107e im sve dobro funkcionirati brzo mogu dosaditi jedno drugom i po\u017eeljeti novu avanturu.<\/p>\n<h3>Strijelac \u2013 \u0160korpion: \ud83d\ude41<\/h3>\n<p>Za ova dva znaka, na prvi pogled dosta razli\u010dita, zajedni\u010dka je \u017eelja za osvajanjem. Zato \u0107e se vrlo brzo privu\u0107i i ostvariti bli\u017ei kontakt. Problem \u0107e se pojaviti onog trenutka kada posesivni \u0161korpion poku\u0161ati vezati strijelaca. Iako ih razdvaja dosta drugih osobina ovi znakovi \u0107e rijetko ostati u toliko dugoj vezi gdje \u0107e imati priliku bolje upoznati jedan drugoga.<\/p>\n<h3>Strijelac \u2013 Strijelac: \ud83d\ude42 \ud83d\ude42<\/h3>\n<p>Vjerojatno \u0107e se upoznati na vrlo uzbudljiv na\u010din. Oba partnera su sklona avanturama. Ne te\u017ee tradicionalnim vrijednostima. Miran na\u010din \u017eivota nije za njih. Dok njihova veza traje bit \u0107e uzbudljiva, ali vjerojatno ne\u0107e dugo trajati, jer oni se nikad ne zadr\u017eavaju dugo na jednom mjestu.<\/p>\n<h3>Strijelac \u2013 Jarac: \ud83d\ude41 \ud83d\ude41<\/h3>\n<p>Ova dva potpuno suprotna znaka te\u0161ko \u0107e prona\u0107i sklad. Strijel\u010deva liberalna stajali\u0161ta ne\u0107e imponirati jarcu nego \u0107e ga udaljiti od njega. Domu privr\u017eeni jarac sputavat \u0107e strijelca i ne\u0107e mu dati onoliko prostora koliko je njemu potrebno. Stoga u ovakvu vezu se bolje ne upu\u0161tati jer te\u0161ko je prona\u0107i i kompromis a kamoli sre\u0107u.<\/p>\n<h3>Strijelac \u2013 Vodenjak: \ud83d\ude42 \ud83d\ude42<\/h3>\n<p>U ovoj vezi partneri mogu zadr\u017eati individualnost i samostalnost, a opet na\u0107i zajedni\u010dki jezik u mnogim stvarima. Veza odgovara i jednom i drugom znaku. Lako \u0107e se razumjeti.<\/p>\n<h3>Strijelac \u2013 Riba: \ud83d\ude41<\/h3>\n<p>Riba treba \u010dvrst oslonac u partneru \u0161to strijelac nije. Istovremeno riba ne mo\u017ee shvatiti veliku potrebu strijelca za slobodom. Ona to do\u017eivljava kao udaljavanje od partnera ili nedostatak osje\u0107aja. Kada je riba u svojoj depresivnoj fazi, strijelca ne\u0107e biti tu da joj pomogne prebroditi krizu.<\/p>\n","protected":false},"excerpt":{"rendered":"<p>Strijelac &#8211; Kako zavesti strijelca Zanimljiv i optimisti\u010dan znak koji \u017eeli iskoristiti sve \u0161to \u017eivot pru\u017ea. Strijelac ne robuje nikakvim ograni\u010denjima, zadanim okvirima ni pravilima pona\u0161anja. On u\u017eiva u svojoj slobodi i ne \u017eeli je mijenjati niza\u0161to. Njega na djelovanje najvi\u0161e, u svim podru\u010djima \u017eivota, poti\u010de natjecanje. Najbolje djeluje kad se mora najvi\u0161e dokazati ili [&hellip;]<\/p>\n","protected":false},"author":1,"featured_media":39358,"parent":28633,"menu_order":0,"comment_status":"closed","ping_status":"closed","template":"","meta":{"footnotes":"","_links_to":"","_links_to_target":""},"class_list":["post-27164","page","type-page","status-publish","has-post-thumbnail","hentry"],"_links":{"self":[{"href":"https:\/\/covermagazin.com\/index.php?rest_route=\/wp\/v2\/pages\/27164","targetHints":{"allow":["GET"]}}],"collection":[{"href":"https:\/\/covermagazin.com\/index.php?rest_route=\/wp\/v2\/pages"}],"about":[{"href":"https:\/\/covermagazin.com\/index.php?rest_route=\/wp\/v2\/types\/page"}],"author":[{"embeddable":true,"href":"https:\/\/covermagazin.com\/index.php?rest_route=\/wp\/v2\/users\/1"}],"replies":[{"embeddable":true,"href":"https:\/\/covermagazin.com\/index.php?rest_route=%2Fwp%2Fv2%2Fcomments&post=27164"}],"version-history":[{"count":4,"href":"https:\/\/covermagazin.com\/index.php?rest_route=\/wp\/v2\/pages\/27164\/revisions"}],"predecessor-version":[{"id":39360,"href":"https:\/\/covermagazin.com\/index.php?rest_route=\/wp\/v2\/pages\/27164\/revisions\/39360"}],"up":[{"embeddable":true,"href":"https:\/\/covermagazin.com\/index.php?rest_route=\/wp\/v2\/pages\/28633"}],"wp:featuredmedia":[{"embeddable":true,"href":"https:\/\/covermagazin.com\/index.php?rest_route=\/wp\/v2\/media\/39358"}],"wp:attachment":[{"href":"https:\/\/covermagazin.com\/index.php?rest_route=%2Fwp%2Fv2%2Fmedia&parent=27164"}],"curies":[{"name":"wp","href":"https:\/\/api.w.org\/{rel}","templated":true}]}}