{"id":27162,"date":"2020-06-16T08:14:35","date_gmt":"2020-06-16T06:14:35","guid":{"rendered":"http:\/\/covermagazin.com\/?page_id=27162"},"modified":"2020-11-09T15:29:07","modified_gmt":"2020-11-09T13:29:07","slug":"jarac-kako-zavesti-horoskopski-znak-jarac","status":"publish","type":"page","link":"https:\/\/covermagazin.com\/?page_id=27162","title":{"rendered":"Jarac &#8211; Kako zavesti jarca"},"content":{"rendered":"<h3><a href=\"https:\/\/covermagazin.com\/wp-content\/uploads\/2020\/06\/jarac-kako-zavesti-bika.jpg\"><img loading=\"lazy\" decoding=\"async\" class=\"alignnone size-full wp-image-39334\" src=\"https:\/\/covermagazin.com\/wp-content\/uploads\/2020\/06\/jarac-kako-zavesti-bika.jpg\" alt=\"\" width=\"600\" height=\"400\" srcset=\"https:\/\/covermagazin.com\/wp-content\/uploads\/2020\/06\/jarac-kako-zavesti-bika.jpg 600w, https:\/\/covermagazin.com\/wp-content\/uploads\/2020\/06\/jarac-kako-zavesti-bika-300x200.jpg 300w, https:\/\/covermagazin.com\/wp-content\/uploads\/2020\/06\/jarac-kako-zavesti-bika-576x384.jpg 576w\" sizes=\"auto, (max-width: 600px) 100vw, 600px\" \/><\/a><\/h3>\n<h3>Jarac &#8211; Kako zavesti jarca<\/h3>\n<p>Na jarca se mo\u017eete uvijek osloniti, on je pouzdan i discipliniran.<br \/>\nJako je ambiciozan, \u017eeli uspjeti na poslovnom planu te bi njegov partner morao imati razumijevanja za to. Problem \u0107e nastati ako budete do\u017eivljavali njegov posao kao konkurenciju.<\/p>\n<p>On cijeni tradicionalne vrijednosti, obitelj i dom su mu jako va\u017eni. Uvijek je vjeran.<\/p>\n<p>Materijalna sigurnost mu je jako bitna, te \u0107e se truditi da bi je ostvario. Jako dobro raspola\u017eu s novcima, \u0161tedljivi su, a vrlo rijetko si dozvole neku rastro\u0161nost.<\/p>\n<p>Jarac ima potrebu da kontrolira sve, kao i da uvijek planira unaprijed, a nikako ne voli iznena\u0111enja. To je realan znak koji uvijek \u010dvrsto stoji na zemlji.<\/p>\n<p>Te\u0161ko pokazuju svoje osje\u0107aje, ali to ne zna\u010di da njihovi osje\u0107aji nisu duboki i jaki.<\/p>\n<p>Jarac u svemu ima visoke standarde i te\u0161ko je dosti\u0107i njegove kriterije. Ako \u017eelite osvojiti jarca poka\u017eite mu koliko ste realni, da cijenite njegov trud i da \u0107ete uvijek biti na njegovoj strani. Njemu treba netko tko \u0107e mu biti stalna podr\u0161ka u svemu.<\/p>\n<p>Jarcu odgovaraju: bik i djevica<br \/>\nNe odgovaraju mu: strijelac i blizanci<\/p>\n<h3>Jarac \u2013 Ovan: \ud83d\ude42 \ud83d\ude41<\/h3>\n<p>Jarac, tradicionalan i pouzdan znak odgovara ovnu, zajedni\u010dka im je \u017eelja za nezavisno\u0161\u0107u. Ipak ovnu mo\u017ee smetati njegova prevelika posve\u0107enost karijeri. Jarcu je ovan ponekad prenaporan a ovna \u017eivcira stalni pesimizam jarca.<\/p>\n<h3>Jarac \u2013 Bik: \ud83d\ude42 \ud83d\ude42<\/h3>\n<p>Vrlo dobra kombinacija. Oba znaka cijene tradiciju, le\u017eernost i komfornost obiteljskog \u017eivota. I biku i jarcu potrebna je ugodna doma\u0107a atmosfera. Karakteri se im se savr\u0161eno poklapaju \u0161to je dobra osnova za dugotrajnu vezu i stabilan obiteljski \u017eivot. Dosta su usmjereni prema materijalnom aspektu \u0161to mo\u017ee biti i prepreka jer se znaju posvetiti vi\u0161e karijeri nego jedno drugom.<\/p>\n<h3>Jarac \u2013 Blizanci: \ud83d\ude41 \ud83d\ude41<\/h3>\n<p>Blizanci i jarac su dva potpuno suprotna znaka. Skoro da nemaju zajedni\u010dke osobine. Dok je jarac ambiciozan, pouzdan i discipliniran, blizanac je sve samo ne to. Privla\u010dnost je mogu\u0107a upravo zbog toga \u0161to pesimisti\u010dnom jarcu dobro raspolo\u017eeni i nasmijani blizanci razbijaju svakodnevnu rutinu. Jarci \u0107e uz blizance pro\u0161iriti svoj dru\u0161tveni krug a blizanci ste\u0107i financijsku sigurnost. Ova veza tra\u017ei puno kompromisa i u rijetkim slu\u010dajevima mo\u017ee uspjeti.<\/p>\n<h3>Jarac \u2013 Rak: \ud83d\ude42 \ud83d\ude41<\/h3>\n<p>Pouzdan i odgovoran jarac odgovara rakovima. Oba partnera su okrenuta tradicionalnim vrijednostima i obiteljskom \u017eivotu. Problem \u0107e stvarati jar\u010deva zaokupljenost karijerom \u0161to rak mo\u017ee shvatiti kao izravnu konkurenciju. Da bi veza uspjela jarac bi morao razumjeti rakovu nezainteresiranost za izgradnju vlastite karijere i okrenutost emotivnom, a rak bi morao pokazati malo vi\u0161e tolerancije, te poku\u0161ati ne\u0161to napraviti i sa svojom karijerom.<\/p>\n<h3>Jarac \u2013 Lav: \ud83d\ude42 \ud83d\ude41<\/h3>\n<p>Glavni izvor sukoba u ovoj vezi je novac. Lav voli tro\u0161iti, a jarac \u0161tedjeti. Jarac voli raditi, a lav ljen\u010dariti. Jarcu fizi\u010dki izgled nije jako bitan, a lav ono malo novaca \u0161to ima ula\u017ee u njega. Me\u0111utim, ukoliko lav slu\u010dajno nai\u0111e na jarca kojemu imponira njegov stav, izgled i pona\u0161anja, jarac \u0107e dobrovoljno pristati ga financirati. Ovakva veza \u010desto je uspje\u0161na ako se radi o jarcu mu\u0161karcu i \u017eeni lavu.<\/p>\n<h3>Jarac \u2013 Djevica: \ud83d\ude42 \ud83d\ude42 \ud83d\ude42<\/h3>\n<p>Astrolo\u0161ki gledano ova dva znaka se dosta dobro sla\u017eu. Realni su, inteligentni, znaju \u0161to \u017eele od \u017eivota i kako to posti\u0107i. Imaju vrlo sli\u010dan stav prema novcu, \u0161tedljivi su i ve\u0107inu stvari u \u017eivotu \u017eele isplanirati unaprijed.<\/p>\n<h3>Jarac \u2013 Vaga: \ud83d\ude42 \ud83d\ude41<\/h3>\n<p>Vagama imponiraju uspje\u0161ne osobe tako da \u0107e jarci, pogotovo oni atraktivnog izgleda lako osvojiti vagu. Dru\u0161tvena i \u0161armantna vaga zapravo dopunjava prakti\u010dnog i nenametljivog jarca te u po\u010detku \u010dine dobru kombinaciju. Nakon toga vaga ima sve manje razumijevanja za poslovne ambicije jarca te po\u010dinje optu\u017eivati jarca i biti kriti\u010dna prema njemu. Odnos prema novcu im je dosta razli\u010dit, budu\u0107i da nema racionalnijeg znaka od jarca, dok vage tro\u0161e ne upotrebljavaju\u0107i pritom mozak. Konzervativnom jarcu nije jasna potreba vage za stalno novim osvajanjima.<\/p>\n<h3>Jarac \u2013 \u0160korpion: \ud83d\ude42 \ud83d\ude42<\/h3>\n<p>Jarac \u0107e osvojiti \u0161korpiona svojom samouvjereno\u0161\u0107u i pouzdano\u0161\u0107u. Oba znaka moraju imati \u010dvrst oslonac, siguran dom i odanog partnera. Budu\u0107i da jarac i nema potrebu za flertom izvan veze, \u0161korpion \u0107e biti zadovoljan sve dok ne shvati koliko je jarcu va\u017ean posao. Tada \u0107e posesivni \u0161korpion gnjaviti partnera zbog zanemarivanja. Ukoliko jarac shvati da \u0161korpion nema lo\u0161e namjere, ve\u0107 da je samo zabrinut, veza mo\u017ee dobro funkcionirati.<\/p>\n<h3>Jarac \u2013 Strijelac: \ud83d\ude41 \ud83d\ude41<\/h3>\n<p>Ova dva potpuno suprotna znaka te\u0161ko \u0107e prona\u0107i sklad. Strijel\u010deva preliberalna stajali\u0161ta ne\u0107e imponirati jarcu nego \u0107e ga udaljiti od njega. Domu privr\u017eeni jarac sputavat \u0107e strijelca i ne\u0107e mu dati onoliko prostora koliko je njemu potrebno. Stoga u ovakvu vezu se bolje ne upu\u0161tati jer te\u0161ko je prona\u0107i i kompromis a kamoli sre\u0107u.<\/p>\n<h3>Jarac \u2013 Jarac: \ud83d\ude42 \ud83d\ude42<\/h3>\n<p>Veza izme\u0111u dva jarca \u0107e biti sve osim zanimljiva. Dva realna znaka s nogama \u010dvrsto na zemlji \u0107e biti jedan drugome potpora u poslu, a skupa \u0107e na\u0107i i najbolji na\u010din za \u0161tednju. Oni \u0107e se jako dobro razumjeti budu\u0107i da ne moraju jasno i glasno izra\u017eavati svoje emocije a istovremeno \u0107e bit svjesni koliko zna\u010de jedno drugome. Ovakva kombinacija bolje odgovara kao poslovni odnos nego ljubavna veza.<\/p>\n<h3>Jarac \u2013 Vodenjak: \ud83d\ude41<\/h3>\n<p>Veza u kojoj ni jedan partner ne\u0107e biti zadovoljan. Stalna optu\u017eivanja i prigovaranja naru\u0161avat \u0107e odnos. Jarac je vi\u0161e usamljeni\u010dki tip i ne mo\u017ee shvatiti potrebu vodenjaka da brine o svim ljudima koje poznaje i ne poznaje. Kada jarac bude prigovarao vodenjaku vezano uz financije to \u0107e samo iritirati vodenjaka i poja\u010dati njegovo nerazumijevanje i odbojnost prema novcu.<\/p>\n<h3>Jarac \u2013 Riba: \ud83d\ude42 \ud83d\ude41<\/h3>\n<p>Riba od svoga partnera o\u010dekuje potpunu predanost. Jarac \u0107e u situaciji gdje mora birati izme\u0111u partnera i karijere radije re\u0107i zbogom partneru i posvetiti se karijeri. Ovakva veza nikad ne\u0107e zadovoljiti ni jednog ni drugog partnera te je bolje na vrijeme prepoznati razli\u010ditosti i ne insistirati na odr\u017eavanju veze.<\/p>\n","protected":false},"excerpt":{"rendered":"<p>Jarac &#8211; Kako zavesti jarca Na jarca se mo\u017eete uvijek osloniti, on je pouzdan i discipliniran. Jako je ambiciozan, \u017eeli uspjeti na poslovnom planu te bi njegov partner morao imati razumijevanja za to. Problem \u0107e nastati ako budete do\u017eivljavali njegov posao kao konkurenciju. On cijeni tradicionalne vrijednosti, obitelj i dom su mu jako va\u017eni. Uvijek [&hellip;]<\/p>\n","protected":false},"author":1,"featured_media":39334,"parent":28633,"menu_order":0,"comment_status":"closed","ping_status":"closed","template":"","meta":{"footnotes":"","_links_to":"","_links_to_target":""},"class_list":["post-27162","page","type-page","status-publish","has-post-thumbnail","hentry"],"_links":{"self":[{"href":"https:\/\/covermagazin.com\/index.php?rest_route=\/wp\/v2\/pages\/27162","targetHints":{"allow":["GET"]}}],"collection":[{"href":"https:\/\/covermagazin.com\/index.php?rest_route=\/wp\/v2\/pages"}],"about":[{"href":"https:\/\/covermagazin.com\/index.php?rest_route=\/wp\/v2\/types\/page"}],"author":[{"embeddable":true,"href":"https:\/\/covermagazin.com\/index.php?rest_route=\/wp\/v2\/users\/1"}],"replies":[{"embeddable":true,"href":"https:\/\/covermagazin.com\/index.php?rest_route=%2Fwp%2Fv2%2Fcomments&post=27162"}],"version-history":[{"count":3,"href":"https:\/\/covermagazin.com\/index.php?rest_route=\/wp\/v2\/pages\/27162\/revisions"}],"predecessor-version":[{"id":39335,"href":"https:\/\/covermagazin.com\/index.php?rest_route=\/wp\/v2\/pages\/27162\/revisions\/39335"}],"up":[{"embeddable":true,"href":"https:\/\/covermagazin.com\/index.php?rest_route=\/wp\/v2\/pages\/28633"}],"wp:featuredmedia":[{"embeddable":true,"href":"https:\/\/covermagazin.com\/index.php?rest_route=\/wp\/v2\/media\/39334"}],"wp:attachment":[{"href":"https:\/\/covermagazin.com\/index.php?rest_route=%2Fwp%2Fv2%2Fmedia&parent=27162"}],"curies":[{"name":"wp","href":"https:\/\/api.w.org\/{rel}","templated":true}]}}