{"id":27160,"date":"2020-06-16T08:09:45","date_gmt":"2020-06-16T06:09:45","guid":{"rendered":"http:\/\/covermagazin.com\/?page_id=27160"},"modified":"2020-11-09T15:29:53","modified_gmt":"2020-11-09T13:29:53","slug":"vodenjak-kako-zavesti-horoskopski-znak-vodenjak","status":"publish","type":"page","link":"https:\/\/covermagazin.com\/?page_id=27160","title":{"rendered":"Vodenjak &#8211; kako zavesti vodenjaka"},"content":{"rendered":"<h3><\/h3>\n<h3><a href=\"https:\/\/covermagazin.com\/wp-content\/uploads\/2020\/06\/vodenjak-kako-zavesti.jpg\"><img loading=\"lazy\" decoding=\"async\" class=\"alignnone size-full wp-image-39364\" src=\"https:\/\/covermagazin.com\/wp-content\/uploads\/2020\/06\/vodenjak-kako-zavesti.jpg\" alt=\"\" width=\"600\" height=\"400\" srcset=\"https:\/\/covermagazin.com\/wp-content\/uploads\/2020\/06\/vodenjak-kako-zavesti.jpg 600w, https:\/\/covermagazin.com\/wp-content\/uploads\/2020\/06\/vodenjak-kako-zavesti-300x200.jpg 300w, https:\/\/covermagazin.com\/wp-content\/uploads\/2020\/06\/vodenjak-kako-zavesti-576x384.jpg 576w\" sizes=\"auto, (max-width: 600px) 100vw, 600px\" \/><\/a><\/h3>\n<h3>Vodenjak &#8211; kako zavesti vodenjaka<\/h3>\n<p>Vodenjak je uvijek originalan i inovativan, te je \u010desto okru\u017een ljudima. Ima razvijen osje\u0107aj za druge ljude, njihove osje\u0107aje i probleme, ponekad se vi\u0161e brine o njima nego o sebi. Upravo zbog toga ima mnogo prijatelja.<br \/>\nVodenjake bi opisali u najbolju ruku kao neobi\u010dne. Imaju poseban stil i svoj pogled na svijet.<\/p>\n<p>Ako se vodenjak istinski zaljubi nikakve razlike ne\u0107e biti prepreka. Vodenjak je spreman i sposoban promijeniti se dovoljno ako \u0107e time zadr\u017eati partnera.<\/p>\n<p>Da bi osvojili vodenjaka poka\u017eite samostalnost i originalnost. Iako vodenjaci na prvi pogled djeluju zbunjeno vrlo su inteligentni i lako mogu procijeniti osobu s kojom razgovaraju.<\/p>\n<p>Zato pred njima se ne pretvarajte, mo\u017eete samo malo svome stilu dodati ma\u0161tovitosti.<\/p>\n<p>Nije va\u017eno kakav je va\u0161 stil bitno je da se izdvajate i da ga beskompromisno slijedite.<\/p>\n<p>Vodenjaku morate uvijek pru\u017eati bezrezervnu podr\u0161ku.<\/p>\n<p>Odgovaraju im partneri u znaku ovna i blizanca.<br \/>\nNisu dobar par s rakom, djevicom i \u0161korpionom.<\/p>\n<h3>Vodenjak \u2013 Ovan: \ud83d\ude41<\/h3>\n<p>Ovo dvoje brzo \u0107e se privu\u0107i ali nisu materijal za du\u017eu vezu. Vodenjak je slobodouman i nije konformist. To se svi\u0111a ovnu ali na prijateljima, a ne na partneru. Njemu za vezu ipak treba netko mrvicu tradicionalniji.<\/p>\n<h3>Vodenjak \u2013 Bik: \ud83d\ude41<\/h3>\n<p>Veza izme\u0111u ova dva znaka skoro da i nema. Inovativnost i otvorenost vodenjaka nikako ne odgovaraju biku zaljubljenom u formalnost i rutinu. Vodenjaka zanimaju susjedi, prijatelji, televizija, sve osim vlastitog doma, \u0161to izaziva bikovu ljubomoru. Ako i do\u0111e do veze ona je kratkog vijeka i tra\u017ei puno truda i kompromisa.<\/p>\n<h3>Vodenjak \u2013 Blizanci: \ud83d\ude42 \ud83d\ude42 \ud83d\ude42<\/h3>\n<p>Ovo je dobar par i na duge i kratke staze. Savr\u0161eno se razumiju. Sve \u0161to vodenjak spomene blizancima je zanimljiva tema za po\u010detak razgovora. Ne\u0107e im biti dosadno bilo da traju godinu ili pedeset. Otvorenost i inovativnost vodenjaka neodoljiva je blizancima. Podvojena li\u010dnost blizanaca \u0107e privla\u010diti vodenjake. Oba znak su individualisti, te ne\u0107e gu\u0161iti jedan drugoga.<\/p>\n<h3>Vodenjak \u2013 Rak: \ud83d\ude41 \ud83d\ude41<\/h3>\n<p>Vodenjaku bi toliki izljevi ljubavi umjesto da im laskaju mogli biti smije\u0161ni. Ne razumije za\u0161to netko ima potrebu toliko puta ponavljati \u00abvolim te\u00bb. Po\u010det \u0107e po tom pitanju i ismijavati raka ne razumijevaju\u0107i koliko je ovome to bitno. Rak \u0107e nakon toga ponovo staviti svoj hladni oklop i udaljiti se od vodenjaka. Osim toga, neovisnom i dru\u0161tvenom vodenjaku smeta rakova zatvorenost u ku\u0107u, te \u0107e vi\u0161e vremena provodit s dru\u0161tvom \u0161to \u0107e rak shvatiti kao nezainteresiranost partnera za njega. Iz ove kombinacije rak \u0107e uvijek izi\u0107i povrije\u0111en.<\/p>\n<h3>Vodenjak \u2013 Lav: \ud83d\ude41 \ud83d\ude42<\/h3>\n<p>Ova veza mo\u017ee dobro funkcionirati, jer \u0107e lav iskreno imponirati vodenjaku te \u0107e ga ovaj hvaliti bez imalo pretjerivanja u svojim izjavama. Zajedni\u010dke osobine su im ponos i tvrdoglavost \u0161to mo\u017ee biti izvor i slaganja i neslaganja ovisno o situaciji. Ve\u0107i problem u ovoj vezi predstavlja stalna \u017eelja vodenjaka za ne\u010dim novim, \u0161to lav ne\u0107e shvatiti, nego \u0107e potra\u017eiti novu osobu kojoj \u0107e biti centar svijeta.<\/p>\n<h3>Vodenjak \u2013 Djevica: \ud83d\ude41<\/h3>\n<p>Ovaj par ne\u0107e lako ostvariti dugotrajnu vezu. Samo uz puno truda i popu\u0161tanja, prvenstveno od strane djevice mogu uspjeti ostati zajedno. Na po\u010detku \u0107e se slo\u017eiti, prona\u0107i zajedni\u010dke teme, sve \u0107e dobro funkcionirati dok veza ne preraste u ozbiljnu zajednicu kad \u0107e morati zajedni\u010dki rje\u0161avati nastale probleme i donositi odluke. Djevica je dosta realna, zna da se bez novca ne mo\u017ee, dok vodenjaku novac nije na listi prioriteta. Djevica \u0107e morati nau\u010diti nositi se i s njegovom stalnom optere\u0107eno\u0161\u0107u globalnim problemima i pristati da umjesto romanti\u010dne ve\u010dere, no\u0107 provedu razgovaraju\u0107i o globalnom zagrijavanju ili u najbolju ruku smislu \u017eivota.<\/p>\n<h3>Vodenjak \u2013 Vaga: \ud83d\ude42 \ud83d\ude42 \ud83d\ude42<\/h3>\n<p>U neprestanoj potrazi za zanimljivim iskustvima, vodenjak \u0107e lako naletjeti na vagu. Bogat dru\u0161tveni \u017eivot, stalno upoznavanje novih ljudi i inovativnost zajedni\u010dki su za oba znaka te \u0107e jedan drugoga i poticati. Vodenjakovo zanimanje za humanitarni rad vaga koja je i ina\u010de borac za pravdu \u0107e podupirati i stvarati mu oslonac. \u010cak i za stvari koje im nisu zajedni\u010dke ova dva znaka mogu lako posti\u0107i kompromis. Ova veza ne samo da mo\u017ee biti uspje\u0161na nego i vrlo stimulativna.<\/p>\n<h3>Vodenjak \u2013 \u0160korpion: \ud83d\ude41<\/h3>\n<p>Vodenjak se \u010desto anga\u017eira u mnogobrojnim aktivnostima \u0161to izaziva \u0161korpionovu ljubomoru. On bi svoga partnera najradije zatvorio u ku\u0107u i 24 sata ga imao samo za sebe. Vodenjaci ina\u010de osjetljivi na tu\u0111e probleme i \u017eelje u ovoj kombinaciji ne\u0107e imati toliko razumijevanja.<\/p>\n<h3>Vodenjak \u2013 Strijelac: \ud83d\ude42 \ud83d\ude42<\/h3>\n<p>U ovoj vezi partneri mogu zadr\u017eati individualnost i samostalnost, a opet na\u0107i zajedni\u010dki jezik u mnogim stvarima. Veza odgovara i jednom i drugom znaku. Lako \u0107e se razumjeti.<\/p>\n<h3>Vodenjak \u2013 Jarac: \ud83d\ude41<\/h3>\n<p>Veza u kojoj ni jedan partner ne\u0107e biti zadovoljan. Stalna optu\u017eivanja i prigovaranja naru\u0161avat \u0107e odnos. Jarac je vi\u0161e usamljeni\u010dki tip i ne mo\u017ee shvatiti potrebu vodenjaka da brine o svim ljudima koje poznaje i ne poznaje. Kada jarac bude prigovarao vodenjaku vezano uz financije to \u0107e samo iritirati vodenjaka i poja\u010dati njegovo nerazumijevanje i odbojnost prema novcu.<\/p>\n<h3>Vodenjak \u2013 Vodenjak: \ud83d\ude42 \ud83d\ude42<\/h3>\n<p>Oni se vrlo dobro sla\u017eu i razumiju. Zajedno \u0107e imati priliku posvetiti svu svoju energiju rje\u0161avanju tu\u0111ih problema dok \u0107e svoje ignorirati. Financijski ne\u0107e dobro stajati jer ni jedan partner ne\u0107e znati preuzeti tu odgovornost. \u0160to se budu bolje upoznavali veza \u0107e im postajati dublja, a njihov odnos kvalitetniji. Samo vodenjak mo\u017ee u potpunosti razumjeti vodenjaka.<\/p>\n<h3>Vodenjak \u2013 Riba: \ud83d\ude41<\/h3>\n<p>Kad bi se ribe mazile, vodenjaci bi pri\u010dali. Kada bi ribe htjele razgovarati, vodenjaci bi razgovarali ali ne o njihovom odnosu nego o prijateljima. Kada bi riba bila sama, vodenjak bi dru\u0161tvo, a kad bi riba dru\u0161tvo vodenjak bi se dru\u017eio s prijateljima. Ova dva znaka jednostavno ne mogu prona\u0107i sklad ni razumjeti potrebe drugog partnera.<\/p>\n","protected":false},"excerpt":{"rendered":"<p>Vodenjak &#8211; kako zavesti vodenjaka Vodenjak je uvijek originalan i inovativan, te je \u010desto okru\u017een ljudima. Ima razvijen osje\u0107aj za druge ljude, njihove osje\u0107aje i probleme, ponekad se vi\u0161e brine o njima nego o sebi. Upravo zbog toga ima mnogo prijatelja. Vodenjake bi opisali u najbolju ruku kao neobi\u010dne. Imaju poseban stil i svoj pogled [&hellip;]<\/p>\n","protected":false},"author":1,"featured_media":39364,"parent":28633,"menu_order":0,"comment_status":"closed","ping_status":"closed","template":"","meta":{"footnotes":"","_links_to":"","_links_to_target":""},"class_list":["post-27160","page","type-page","status-publish","has-post-thumbnail","hentry"],"_links":{"self":[{"href":"https:\/\/covermagazin.com\/index.php?rest_route=\/wp\/v2\/pages\/27160","targetHints":{"allow":["GET"]}}],"collection":[{"href":"https:\/\/covermagazin.com\/index.php?rest_route=\/wp\/v2\/pages"}],"about":[{"href":"https:\/\/covermagazin.com\/index.php?rest_route=\/wp\/v2\/types\/page"}],"author":[{"embeddable":true,"href":"https:\/\/covermagazin.com\/index.php?rest_route=\/wp\/v2\/users\/1"}],"replies":[{"embeddable":true,"href":"https:\/\/covermagazin.com\/index.php?rest_route=%2Fwp%2Fv2%2Fcomments&post=27160"}],"version-history":[{"count":5,"href":"https:\/\/covermagazin.com\/index.php?rest_route=\/wp\/v2\/pages\/27160\/revisions"}],"predecessor-version":[{"id":39372,"href":"https:\/\/covermagazin.com\/index.php?rest_route=\/wp\/v2\/pages\/27160\/revisions\/39372"}],"up":[{"embeddable":true,"href":"https:\/\/covermagazin.com\/index.php?rest_route=\/wp\/v2\/pages\/28633"}],"wp:featuredmedia":[{"embeddable":true,"href":"https:\/\/covermagazin.com\/index.php?rest_route=\/wp\/v2\/media\/39364"}],"wp:attachment":[{"href":"https:\/\/covermagazin.com\/index.php?rest_route=%2Fwp%2Fv2%2Fmedia&parent=27160"}],"curies":[{"name":"wp","href":"https:\/\/api.w.org\/{rel}","templated":true}]}}