{"id":26989,"date":"2025-03-18T10:14:52","date_gmt":"2025-03-18T08:14:52","guid":{"rendered":"http:\/\/covermagazin.com\/?page_id=26989"},"modified":"2025-03-18T10:14:52","modified_gmt":"2025-03-18T08:14:52","slug":"prvi-rani-znak-simptom-trudnoce","status":"publish","type":"page","link":"https:\/\/covermagazin.com\/?page_id=26989","title":{"rendered":"Povi\u0161ena tjelesna temperatura kao prvi rani znak trudno\u0107e"},"content":{"rendered":"\n<p><em><strong>U tekstu ispod \u0107ete:<\/strong><\/em><\/p>\n\n\n\n<ul class=\"wp-block-list\">\n<li><strong><em>Nau\u010diti kako prepoznati trudno\u0107u ve\u0107 5. &#8211;&nbsp;7. dan nakon za\u010de\u0107a (Bazalna temperatura u ranoj trudno\u0107i)<\/em><\/strong>.<\/li>\n\n\n\n<li><em><strong>Kako detektirati ovulaciju<\/strong><\/em><strong><em> (Temperatura nakon ovulacije)<\/em><\/strong>.<\/li>\n\n\n\n<li><em><strong>Kako mjeriti bazalnu temperaturu<\/strong><\/em> <strong><em>(Bazalna temperatura u ranoj trudno\u0107i).<\/em><\/strong><\/li>\n<\/ul>\n\n\n\n<h2 class=\"wp-block-heading\">Povi\u0161ena tjelesna temperatura u ranoj trudno\u0107i kao prvi znak trudno\u0107e<\/h2>\n\n\n\n<figure class=\"wp-block-image\"><img loading=\"lazy\" decoding=\"async\" width=\"600\" height=\"400\" src=\"https:\/\/covermagazin.com\/wp-content\/uploads\/2020\/09\/povisena_temperatura_rana_trudnoca.jpg\" alt=\"\" class=\"wp-image-46281\" srcset=\"https:\/\/covermagazin.com\/wp-content\/uploads\/2020\/09\/povisena_temperatura_rana_trudnoca.jpg 600w, https:\/\/covermagazin.com\/wp-content\/uploads\/2020\/09\/povisena_temperatura_rana_trudnoca-300x200.jpg 300w, https:\/\/covermagazin.com\/wp-content\/uploads\/2020\/09\/povisena_temperatura_rana_trudnoca-576x384.jpg 576w\" sizes=\"auto, (max-width: 600px) 100vw, 600px\" \/><\/figure>\n\n\n\n<p>Ve\u0107 pet do \u0161est dana nakon ovulacije odnosno za\u010de\u0107a, prije nego \u0161to i jedan test mo\u017ee pokazati,&nbsp; mo\u017eete prepoznati trudno\u0107u, odnosno tjedan dana prije izostanka menstruacije.<\/p>\n\n\n\n<h3 class=\"wp-block-heading\">Povi\u0161ena temperatura u ranoj trudno\u0107i<\/h3>\n\n\n\n<p>Bazalna temperatura u ranoj trudno\u0107i druga\u010dija je od uobi\u010dajene temperature koju imaju \u017eene u drugom dijelu ciklusa. Pomo\u0107u bazalne temperature mo\u017eete ustanoviti jeste li trudni i tjedan prije izostanka menstruacije, odnosno ve\u0107 tjedan dana nakon ovulacije. Povi\u0161ena temperatura smatra se prvim&nbsp;simptomom trudno\u0107e i vrlo je pouzdan pokazatelj u redovnim ciklusima i osobama koje prate svoju bazalnu temperaturu najmanje tri mjeseca. Ipak, odstupanja su uvijek mogu\u0107a, te se za sigurno utvr\u0111ivanje trudno\u0107e obvezno javite svome lije\u010dniku.<\/p>\n\n\n\n<p>Iako se povi\u0161ena temperatura u ranoj trudno\u0107i smatra pouzdanim znakom trudno\u0107e samo kod \u017eena koje su redovito mjerile bazalnu temperaturu bar tri ciklusa i kod ostalih \u017eena mo\u017ee dati naslutiti da se radi o trudno\u0107i. Ako je bazalna temperatura povi\u0161ena nakon 25. dana ciklusa i ne pada u sljede\u0107im danima mo\u017eete posumnjati na trudno\u0107u.<\/p>\n\n\n\n<p><em>Napomena: Ovakvo utvr\u0111ivanje trudno\u0107e nije uvijek pouzdano, te je mogu\u0107e samo ako ste ranije pratili bazalnu temperaturu u svome ciklusu te znate to\u010dno kada je bila ovulacija. Dodatno, ni jedan ciklus nije idealan, te su odstupanja gotovo uvijek prisutna, ali ukoliko imate naviku mjerenja bazalne i znate kako se kod vas temperatura pona\u0161a tijekom ciklusa, temperaturne promjene bi trebale biti pouzdan pokazatelj. Sve tablice odnose se na idealne cikluse, a budu\u0107i da je svaki ciklus kod svake \u017eene zaseban, trudno\u0107u mo\u017ee potvrditi ili opovrgnuti samo lije\u010dnik.<\/em><\/p>\n\n\n\n<h3 class=\"wp-block-heading\">Temperatura nakon ovulacije<\/h3>\n\n\n\n<p>Bazalna temperatura se mjeri ujutro nakon bu\u0111enja, prije izlaska iz kreveta, obi\u010dnim toplomjerom 5 minuta, ispod pazuha. Ako mjerite temperaturu u uhu ili ustima&nbsp;dodajte prema uputi proizvo\u0111a\u010da odstupanje na temperaturu mjerenu ispod pazuha. (Vi\u0161e o pravilnom mjerenju temperature <a href=\"https:\/\/prirodnilijek.covermagazin.com\/?p=4829\">Kako se mjeri tjelesna temperatura<\/a>)<\/p>\n\n\n\n<p><strong>Klju\u010dni dani ciklusa su:<\/strong><\/p>\n\n\n\n<p><strong>&#8211; 13. ili 14. dan: ovulacija<br>&#8211; 21. dan: Porast temperature ako je do\u0161lo do trudno\u0107e<br>&#8211; 25. dan: Pad temperature ako nije do\u0161lo do trudno\u0107e.&nbsp;<\/strong><\/p>\n\n\n\n<p>Ukoliko vam ciklusi nisu pravilni te su du\u017ei ili kra\u0107i od 28 dana, bitno je prepoznati ovulaciju, jer kod \u017eena s neredovitim ciklusom prva faza ciklusa je promjenjiva, dok je druga faza iza ovulacije gotovo uvijek jednake du\u017eine (14 ili 15 dana) sa sli\u010dnim temperaturnim obilje\u017ejima, bez obzira na ukupnu du\u017einu ciklusa.<\/p>\n\n\n\n<p><strong>Nema trudno\u0107e:<\/strong><\/p>\n\n\n\n<figure class=\"wp-block-image\"><a href=\"https:\/\/www.covermagazin.com\/images\/tablica_za_mjerenje_bazalne_temperature.pdf\"><img loading=\"lazy\" decoding=\"async\" width=\"600\" height=\"255\" src=\"https:\/\/covermagazin.com\/wp-content\/uploads\/2020\/06\/prvi_signal_trudnoce_1.jpg\" alt=\"Prvi rani znak (signal) trudno\u0107e\" class=\"wp-image-39914\" title=\"Prvi rani znak (signal) trudno\u0107e\" srcset=\"https:\/\/covermagazin.com\/wp-content\/uploads\/2020\/06\/prvi_signal_trudnoce_1.jpg 600w, https:\/\/covermagazin.com\/wp-content\/uploads\/2020\/06\/prvi_signal_trudnoce_1-300x128.jpg 300w\" sizes=\"auto, (max-width: 600px) 100vw, 600px\" \/><\/a><\/figure>\n\n\n\n<p>U idealnom ciklusu, u kojem nije do\u0161lo do trudno\u0107e, <strong>temperatura \u0107e nakon ovulacije<\/strong> porasti, te ostati oko 37 stupnjeva celzijusa sve do 25. dana ciklusa i tada \u0107e po\u010deti padati.<\/p>\n\n\n\n<p><strong>Trudno\u0107a obrazac temperature 1:<\/strong><\/p>\n\n\n\n<figure class=\"wp-block-image\"><a href=\"https:\/\/covermagazin.com\/wp-content\/uploads\/2020\/06\/prvi_signal_trudnoce_2.jpg\"><img loading=\"lazy\" decoding=\"async\" width=\"600\" height=\"255\" src=\"https:\/\/covermagazin.com\/wp-content\/uploads\/2020\/06\/prvi_signal_trudnoce_2.jpg\" alt=\"Prvi rani znak (signal) trudno\u0107e\" class=\"wp-image-39913\" title=\"Prvi rani znak (signal) trudno\u0107e\" srcset=\"https:\/\/covermagazin.com\/wp-content\/uploads\/2020\/06\/prvi_signal_trudnoce_2.jpg 600w, https:\/\/covermagazin.com\/wp-content\/uploads\/2020\/06\/prvi_signal_trudnoce_2-300x128.jpg 300w\" sizes=\"auto, (max-width: 600px) 100vw, 600px\" \/><\/a><\/figure>\n\n\n\n<p>U idealnom ciklusu u kojem je do\u0161lo do trudno\u0107e, temperatura \u0107e blago porasti (za 0,1 ili 0,2) u 21. danu ciklusa i ne\u0107e po\u010deti padati nakon 25. dana. Povi\u0161ena temperatura u ranoj trudno\u0107i kre\u0107e se oko 37 stupnjeva.<\/p>\n\n\n\n<p><strong>Trudno\u0107a obrazac temperature 2.<\/strong><\/p>\n\n\n\n<figure class=\"wp-block-image\"><a href=\"https:\/\/covermagazin.com\/wp-content\/uploads\/2020\/06\/prvi_signal_trudnoce_3.jpg\"><img loading=\"lazy\" decoding=\"async\" width=\"600\" height=\"255\" src=\"https:\/\/covermagazin.com\/wp-content\/uploads\/2020\/06\/prvi_signal_trudnoce_3.jpg\" alt=\"Prvi rani znak (signal) trudno\u0107e\" class=\"wp-image-39912\" title=\"Prvi rani znak (signal) trudno\u0107e\" srcset=\"https:\/\/covermagazin.com\/wp-content\/uploads\/2020\/06\/prvi_signal_trudnoce_3.jpg 600w, https:\/\/covermagazin.com\/wp-content\/uploads\/2020\/06\/prvi_signal_trudnoce_3-300x128.jpg 300w\" sizes=\"auto, (max-width: 600px) 100vw, 600px\" \/><\/a><\/figure>\n\n\n\n<p>Kod nekih trudno\u0107a dolazi do jednodnevnog implantacijskog pada temperature. Taj pad temperature traje samo jedan dan, obi\u010dno sedmi ili osmi dan nakon ovulacije, a nakon toga temperatura se vra\u0107a na vi\u0161u razinu. Va\u017eno je naglasiti da pad temperature sam po sebi ne odre\u0111uje trudno\u0107u jer se mo\u017ee pojaviti i u ciklusima u kojima nema trudno\u0107e. Klju\u010dni dani za prepoznavanje trudno\u0107e su dani iza.<\/p>\n\n\n\n<p><strong>Usporedna tablica<\/strong>&nbsp;(svoju temperaturu ozna\u010davajte kru\u017ei\u0107ima o)<\/p>\n\n\n\n<figure class=\"wp-block-image\"><a href=\"https:\/\/covermagazin.com\/wp-content\/uploads\/2020\/06\/prvi_signal_trudnoce_4.jpg\"><img loading=\"lazy\" decoding=\"async\" width=\"600\" height=\"299\" src=\"https:\/\/covermagazin.com\/wp-content\/uploads\/2020\/06\/prvi_signal_trudnoce_4.jpg\" alt=\"Prvi rani znak (signal) trudno\u0107e\" class=\"wp-image-39911\" title=\"Prvi rani znak (signal) trudno\u0107e\" srcset=\"https:\/\/covermagazin.com\/wp-content\/uploads\/2020\/06\/prvi_signal_trudnoce_4.jpg 600w, https:\/\/covermagazin.com\/wp-content\/uploads\/2020\/06\/prvi_signal_trudnoce_4-300x150.jpg 300w\" sizes=\"auto, (max-width: 600px) 100vw, 600px\" \/><\/a><\/figure>\n\n\n\n<p><a href=\"https:\/\/www.covermagazin.com\/images\/tablica_za_mjerenje_bazalne_temperature.pdf\">Kliknite <span style=\"text-decoration: underline;\">ovdje<\/span> za ispis tablice za cijelu godinu<\/a><\/p>\n\n\n\n<p>Sve tablice iznad odnose se na idealne cikluse, a budu\u0107i da je svaki ciklus kod svake \u017eene zaseban, trudno\u0107u mo\u017ee potvrditi ili opovrgnuti samo lije\u010dnik, te se za utvr\u0111ivanje trudno\u0107e obvezno javite svome lije\u010dniku.<\/p>\n\n\n\n<p>Ostale rane simptome trudno\u0107e prona\u0111ite ovdje: <a href=\"https:\/\/covermagazin.com\/trudnoca\/?p=196\"><span style=\"text-decoration: underline;\"><em><strong>Simptomi trudno\u0107e<\/strong><\/em><\/span><\/a><\/p>\n\n\n\n<p><em><strong>Povi\u0161ena tjelesna temperatura u ranoj trudno\u0107i kao prvi znak trudno\u0107e<\/strong><\/em> &#8211; iskustva stvarne trudno\u0107e &#8211; <\/p>\n\n\n\n<p>Osobno sam sve trudno\u0107e prije ijednog testa prepoznala po ovoj metodi. Svako jutro mjerim temperaturu u uhu, digitalnim toplomjerom. Ne ba\u0161 svako, nego, \u010desto. Ne bilje\u017eim temperaturu, ali okvirno pamtim i&nbsp;pratim obrasce. Mjerenje traje par sekundi, ne mjerim ni u krevetu, nego kad se dignem. Kako toplomjer u uhu pokazuje malo vi\u0161e nego ispod pazuha u prvom dijelu ciklusa mi je 36,8 stupnjeva celzijusa. Penje se lagano do 37,2, da bi ako nema trudno\u0107e 23 dan ciklusa po\u010dela padati na 37.1, pa lagano do menstruacije sve do 36,8.&nbsp; Kad nije padala ni 24 dana ciklusa znala sam da sam trudna i bila sam. Super je metoda i za detektiranje ovulacije, tako da sam fan toplomjera za ovu svrhu, a posebno jer su testovi za ovulaciju poprili\u010dno skupi. Meni ni u jednoj trudno\u0107i nije bilo pada kod implantacije, nego bi temperatura i\u0161la po gore&nbsp;nacrtanom prvom obrascu trudno\u0107e, rasla bi, ne bi padala ni 23 dan, te bi nastavila biti visoka.&nbsp; \u010cini se toliko jednostavno, ali stvarno se temperatura pokazala u mom slu\u010daju kao najbolji pokazatelj ciklusa, to\u010dno sam mogla detektirati ovulaciju, a kasnije i trudno\u0107u, odnosno to da nije bilo trudno\u0107e, zasta rano, kada jo\u0161 ni jedan test ne mo\u017ee pokazati i dok se ne pojavljuje ni jedan drugi simptom trudno\u0107e.<\/p>\n","protected":false},"excerpt":{"rendered":"<p>U tekstu ispod \u0107ete: Povi\u0161ena tjelesna temperatura u ranoj trudno\u0107i kao prvi znak trudno\u0107e Ve\u0107 pet do \u0161est dana nakon ovulacije odnosno za\u010de\u0107a, prije nego \u0161to i jedan test mo\u017ee pokazati,&nbsp; mo\u017eete prepoznati trudno\u0107u, odnosno tjedan dana prije izostanka menstruacije. Povi\u0161ena temperatura u ranoj trudno\u0107i Bazalna temperatura u ranoj trudno\u0107i druga\u010dija je od uobi\u010dajene temperature [&hellip;]<\/p>\n","protected":false},"author":1,"featured_media":46281,"parent":0,"menu_order":0,"comment_status":"closed","ping_status":"closed","template":"","meta":{"footnotes":"","_links_to":"","_links_to_target":""},"class_list":["post-26989","page","type-page","status-publish","has-post-thumbnail","hentry"],"_links":{"self":[{"href":"https:\/\/covermagazin.com\/index.php?rest_route=\/wp\/v2\/pages\/26989","targetHints":{"allow":["GET"]}}],"collection":[{"href":"https:\/\/covermagazin.com\/index.php?rest_route=\/wp\/v2\/pages"}],"about":[{"href":"https:\/\/covermagazin.com\/index.php?rest_route=\/wp\/v2\/types\/page"}],"author":[{"embeddable":true,"href":"https:\/\/covermagazin.com\/index.php?rest_route=\/wp\/v2\/users\/1"}],"replies":[{"embeddable":true,"href":"https:\/\/covermagazin.com\/index.php?rest_route=%2Fwp%2Fv2%2Fcomments&post=26989"}],"version-history":[{"count":23,"href":"https:\/\/covermagazin.com\/index.php?rest_route=\/wp\/v2\/pages\/26989\/revisions"}],"predecessor-version":[{"id":66627,"href":"https:\/\/covermagazin.com\/index.php?rest_route=\/wp\/v2\/pages\/26989\/revisions\/66627"}],"wp:featuredmedia":[{"embeddable":true,"href":"https:\/\/covermagazin.com\/index.php?rest_route=\/wp\/v2\/media\/46281"}],"wp:attachment":[{"href":"https:\/\/covermagazin.com\/index.php?rest_route=%2Fwp%2Fv2%2Fmedia&parent=26989"}],"curies":[{"name":"wp","href":"https:\/\/api.w.org\/{rel}","templated":true}]}}