{"id":26945,"date":"2023-08-10T16:52:23","date_gmt":"2023-08-10T14:52:23","guid":{"rendered":"http:\/\/covermagazin.com\/?page_id=26945"},"modified":"2023-08-10T17:01:18","modified_gmt":"2023-08-10T15:01:18","slug":"zdrava-dijeta","status":"publish","type":"page","link":"https:\/\/covermagazin.com\/?page_id=26945","title":{"rendered":"Zdrava dijeta"},"content":{"rendered":"\n<p><a href=\"https:\/\/covermagazin.com\/wp-content\/uploads\/2020\/06\/zdrava_dijeta.jpg\"><img loading=\"lazy\" decoding=\"async\" width=\"600\" height=\"399\" class=\"alignnone size-full wp-image-39530\" src=\"https:\/\/covermagazin.com\/wp-content\/uploads\/2020\/06\/zdrava_dijeta.jpg\" alt=\"\" srcset=\"https:\/\/covermagazin.com\/wp-content\/uploads\/2020\/06\/zdrava_dijeta.jpg 600w, https:\/\/covermagazin.com\/wp-content\/uploads\/2020\/06\/zdrava_dijeta-300x200.jpg 300w, https:\/\/covermagazin.com\/wp-content\/uploads\/2020\/06\/zdrava_dijeta-576x384.jpg 576w\" sizes=\"auto, (max-width: 600px) 100vw, 600px\" \/><\/a><\/p>\n\n\n\n<h2 class=\"wp-block-heading\">Zdrava dijeta<\/h2>\n\n\n\n<p>Zdrava dijeta je ina\u010dica zdrave prehrane. To zna\u010di da se zdravo hranimo po\u0161tuju\u0107i sva pravila zdrave prehrane,  s malom izmjenom da unosimo manje kalorija nego \u0161to potro\u0161imo, te na taj na\u010din ostvarujemo <a href=\"https:\/\/covermagazin.com\/?p=53708\">kalorijski deficit<\/a>, gubimo masno\u0107e, odnosno mr\u0161avimo.  Cilj zdrave dijete je da izgubite na te\u017eini, a istovremeno se naviknete na principe zdrave prehrane, kako jedanput kada smr\u0161avite ne biste ponovno dobili na te\u017eini.<\/p>\n\n\n\n<p class=\"has-green-background-color has-background\">Ako \u017eelite smr\u0161aviti naju\u010dinkovitiji na\u010din je prakticiranje zdrave prehrane, s tim da jedete ne\u0161to malo manje, nego koliko vam je potrebno. <\/p>\n\n\n\n<p>Zdrava dijeta je istozna\u010dnica zdravoj prehrani, s tim da je potrebno koli\u010dinu svakog obroka umanjiti za 1\/4.<\/p>\n\n\n\n<p>Ispod u tekstu \u0107ete prona\u0107i osnovne informacije \u0161to je <a href=\"https:\/\/covermagazin.com\/?page_id=26821\">zdrava prehrana<\/a>, te kako do\u0107i od zdrave prehrane do zdrave dijete. <\/p>\n\n\n\n<h3 class=\"wp-block-heading\"><strong>Osnovno o kalorijskom deficitu. <\/strong><\/h3>\n\n\n\n<p>Gubitak te\u017eine od 0,5 kg, do 1 kg tjedno je gubitak te\u017eine koji ne bi trebao \u0161tetiti va\u0161em zdravlju, a u krajnjoj linije kada smr\u0161avite \u0107e vam mnogo pomo\u0107i. Kako biste to postigli trebate smanjiti unos kalorija za oko 3,500 do 7,000 kalorija tjedno, \u0161to zna\u010di manji unos za oko 500 do 1000 kalorija od dnevne prosje\u010dne potro\u0161nje. To zna\u010di da uzimaju\u0107i u obzir zdravu prehranu koja okvirno preporu\u010duje unos 1800 do 2000 kalorija, dnevno trebate taj unos smanjiti za oko 500, odnosno dnevno unositi oko 1500. <\/p>\n\n\n\n<p>Unos kalorija mo\u017eete smanjiti tako \u0161to \u0107ete zamijeniti visokokalori\u010dnu hranu onom manje kalori\u010dnom poput vo\u0107a, povr\u0107a, nerafiniranih ugljikohidrata, te pove\u0107ati tjelesnu aktivnost.<\/p>\n\n\n\n<p>Naravno, va\u017eno je i paziti osim na vrstu hrane koju unosite i na veli\u010dinu porcija, \u0161to mo\u017ee biti dosta te\u0161ko, jer pretile osobe \u010desto znaju s vremenom izgubiti osje\u0107aj \u0161to je to \u201enormalna\u201c porcija.<\/p>\n\n\n\n<h3 class=\"wp-block-heading\">Osnove zdrave prehrane<\/h3>\n\n\n\n<h4 class=\"wp-block-heading\">Meso, riba i njihove alternativne namirnice<\/h4>\n\n\n\n<p>Meso, riba, jaja i zamjenske namirnice poput graha i le\u0107e, sadr\u017ee proteine koji su nu\u017eni za rast i oporavak. Hrana bogata proteinima, posebno meso, tako\u0111er je bogat izvor \u017eeljeza, selena, cinka i vitamina B.<\/p>\n\n\n\n<h5 class=\"wp-block-heading\">Veli\u010dina porcija:<\/h5>\n\n\n\n<p>&#8211; Meso i riba \u2013 Veli\u010dina \u0161pila karata za igranje<br>&#8211; Dvoje jaja<br>&#8211; \u010cetiri \u017elice graha ili le\u0107e<\/p>\n\n\n\n<h4 class=\"wp-block-heading\">Kruh, \u017eitarice i krumpir<\/h4>\n\n\n\n<p>Hrana koja sadr\u017ei visoki postotak ugljikohidrata poput kruha, krumpira, ri\u017ee i \u017eitarica opskrbljuje nas energijom i va\u017enim nutrijentima uklju\u010duju\u0107i \u017eeljezo i vitmain B.<\/p>\n\n\n\n<p>Ova vrsta manirnica trebala bi \u010diniti tre\u0107inu ukupnog energetskog unosa.<\/p>\n\n\n\n<h5 class=\"wp-block-heading\"><strong>Jedna porcija jednaka je:<\/strong><\/h5>\n\n\n\n<p>&#8211; Tri \u017elice \u017eitarica za doru\u010dak<br>&#8211; Ve\u0107a kri\u0161ka kruha<br>&#8211; Jedna pala\u010dinka ili croissant punjen marmeladom<br>&#8211; Tri prepunjene velike \u017elice tjestenine<br>&#8211; Dva krumpira veli\u010dine jajeta<br>&#8211; Dvije vrhom pune \u017elice ri\u017ee<\/p>\n\n\n\n<h4 class=\"wp-block-heading\">Vo\u0107e i povr\u0107e<\/h4>\n\n\n\n<p>Vo\u0107e i povr\u0107e osigurava nam nu\u017ene nutrijente poput vitamina i minerala.Svi bi trebali te\u017eiti pove\u0107anju udjela povr\u0107a i vo\u0107a u prehrani, jer su bogati vodom i mogu vam pomo\u0107i kontrolirati unos kalorija. Trebali biste osigurati <strong>pet porcija vo\u0107a i povr\u0107a dnevno<\/strong>. Porcija te\u017ei oko 80 g i uklju\u010duje svje\u017ee, kuhano, smrznuto i su\u0161eno vo\u0107e i povr\u0107e.<\/p>\n\n\n\n<h5 class=\"wp-block-heading\">Porcija je jednaka:<\/h5>\n\n\n\n<p>&#8211; Dvije velike \u017elice sjeckanog ili sitnog povr\u0107a poput mrkve, gra\u0161ka, brokula\u2026<br>&#8211; Jedna vo\u0107ka poput jabuke, kru\u0161ke, naran\u010de\u2026<br>&#8211; Pregr\u0161t (koliko stana u \u0161aku) su\u0161enog vo\u0107a<br>&#8211; Manja \u010da\u0161a vo\u0107nog soka<br>&#8211; Dvije \u017elice \u0161umskog vo\u0107a: malina, kupina, jagoda, borovnica, ribizli..<br>&#8211; Pregr\u0161t gro\u017e\u0111a<\/p>\n\n\n\n<h4 class=\"wp-block-heading\">Mlijeko i mlije\u010dni proizvodi<\/h4>\n\n\n\n<p>Hrana poput sira, jogurta i mlijeka va\u017ean je izvor kalcija, te ostalih minerala i vitamina.<br>Trebali biste te\u017eiti prema dvije do tri porcije svakog dana.<\/p>\n\n\n\n<h5 class=\"wp-block-heading\">Jedna porcija je jednaka:<\/h5>\n\n\n\n<p>&#8211; \u010ca\u0161a mlijeka<br>&#8211; Jogurt<br>&#8211; Sir veli\u010dine kutije \u0161ibica (jedna zdenka)<\/p>\n\n\n\n<h4 class=\"wp-block-heading\">Slatki\u0161i i grickalice<\/h4>\n\n\n\n<p>Slatki\u0161i obi\u010dno sadr\u017ee i masno\u0107e i \u0161e\u0107ere, a u ovu skupinu ubrajaju se \u010dipsevi, kremasti namazi, kola\u010di, biskviti, \u010dokolade, slatki napitci, alkohol i sl.<\/p>\n\n\n\n<p>Unos ovih namirnica trebali biste smanjiti na najmanju mogu\u0107u razinu.<\/p>\n\n\n\n<p><em><strong>Mo\u017eete:<\/strong><\/em><\/p>\n\n\n\n<p>&#8211; Zamijeniti slatki\u0161e vo\u0107em, grickalice su\u0161enim vo\u0107em, slatke napitke vo\u0107nim sokom ili nezasla\u0111enim \u010dajem<\/p>\n\n\n\n<p class=\"has-green-background-color has-background\">Zdrava dijeta je istozna\u010dnica zdravoj prehrani, s tim da je potrebno koli\u010dinu svakog obroka umanjiti za 1\/4.<\/p>\n\n\n\n<p>Strategija na kojoj se temelji zdrava dijeta je pobolj\u0161anje kvalitete hrane, a ne ograni\u010davanje koli\u010dine hrane, tako da vas ova dijeta ne\u0107e dr\u017eati gladnima. Zdrava dijeta je zapravo <a href=\"https:\/\/covermagazin.com\/?p=26816\">mr\u0161avljenje bez dijete.<\/a> To je dijeta koje \u0107ete se mo\u0107i pridr\u017eavati, a uz mr\u0161avljenje \u0107ete dobiti energetski poticaj, bolju probavu, bolji san.<\/p>\n\n\n\n<p>Kroz zdravu dijetu najva\u017enije je to\u010dno se pridr\u017eavati plana prehrane. <strong>Jesti uvijek u isto vrijeme i jesti prilago\u0111ene veli\u010dine porcija.<\/strong> S tim  da \u0107ete svaku porciju umanjiti za jednu \u010detvrtinu, ako \u017eelite smr\u0161aviti.<\/p>\n\n\n\n<p>Dr\u017eati se plana prehrane i rasporeda porcija je jako bitno, jer je to jedini na\u010din da  ne usporite metabolizam, imate dovoljno energije za svakodnevne aktivnosti i osje\u0107ate se dobro dok ste na dijeti.<\/p>\n\n\n\n<p>Kako biste lak\u0161e slijedili zdravu dijetu ispod \u0107ete prona\u0107i tekst o zdravoj prehrani, tekst i kreiranju plana zdrave prehrane i o veli\u010dini porcija. Nemojte misliti kako je sve previ\u0161e  za slijediti jer jednom kada usvojite navike zdrave prehrane imat \u0107ete zdravu i prikladnu prehranu cijeli \u017eivot, a o te\u017eini i dijetama gotovo da vi\u0161e ne\u0107ete razmi\u0161ljati. <\/p>\n\n\n\n<figure class=\"wp-block-embed is-type-wp-embed is-provider-cover-magazin-com wp-block-embed-cover-magazin-com\"><div class=\"wp-block-embed__wrapper\">\n<blockquote class=\"wp-embedded-content\" data-secret=\"1tnDZ6PEyN\"><a href=\"https:\/\/covermagazin.com\/?page_id=26821\">ZDRAVA PREHRANA &#8211; 3 pravila kako se zdravo hraniti<\/a><\/blockquote><iframe loading=\"lazy\" class=\"wp-embedded-content\" sandbox=\"allow-scripts\" security=\"restricted\" style=\"position: absolute; clip: rect(1px, 1px, 1px, 1px);\" title=\"&#8220;ZDRAVA PREHRANA &#8211; 3 pravila kako se zdravo hraniti&#8221; &#8212; COVERmagazin.com\" src=\"https:\/\/covermagazin.com\/?page_id=26821&#038;embed=true#?secret=GWjTqLvIqT#?secret=1tnDZ6PEyN\" data-secret=\"1tnDZ6PEyN\" width=\"500\" height=\"282\" frameborder=\"0\" marginwidth=\"0\" marginheight=\"0\" scrolling=\"no\"><\/iframe>\n<\/div><\/figure>\n\n\n\n<figure class=\"wp-block-embed is-type-wp-embed is-provider-cover-magazin-com wp-block-embed-cover-magazin-com\"><div class=\"wp-block-embed__wrapper\">\n<blockquote class=\"wp-embedded-content\" data-secret=\"etPa2L5Ywh\"><a href=\"https:\/\/covermagazin.com\/?p=49325\">Kako napraviti plan prehrane<\/a><\/blockquote><iframe loading=\"lazy\" class=\"wp-embedded-content\" sandbox=\"allow-scripts\" security=\"restricted\" style=\"position: absolute; clip: rect(1px, 1px, 1px, 1px);\" title=\"&#8220;Kako napraviti plan prehrane&#8221; &#8212; COVERmagazin.com\" src=\"https:\/\/covermagazin.com\/?p=49325&#038;embed=true#?secret=6ZztzmzSqR#?secret=etPa2L5Ywh\" data-secret=\"etPa2L5Ywh\" width=\"500\" height=\"282\" frameborder=\"0\" marginwidth=\"0\" marginheight=\"0\" scrolling=\"no\"><\/iframe>\n<\/div><\/figure>\n\n\n\n<figure class=\"wp-block-embed is-type-wp-embed is-provider-cover-magazin-com wp-block-embed-cover-magazin-com\"><div class=\"wp-block-embed__wrapper\">\n<blockquote class=\"wp-embedded-content\" data-secret=\"EmWTnxRjoO\"><a href=\"https:\/\/covermagazin.com\/?p=45366\">Veli\u010dine normalnih porcija<\/a><\/blockquote><iframe loading=\"lazy\" class=\"wp-embedded-content\" sandbox=\"allow-scripts\" security=\"restricted\" style=\"position: absolute; clip: rect(1px, 1px, 1px, 1px);\" title=\"&#8220;Veli\u010dine normalnih porcija&#8221; &#8212; COVERmagazin.com\" src=\"https:\/\/covermagazin.com\/?p=45366&#038;embed=true#?secret=4Xxp1PtRj3#?secret=EmWTnxRjoO\" data-secret=\"EmWTnxRjoO\" width=\"500\" height=\"282\" frameborder=\"0\" marginwidth=\"0\" marginheight=\"0\" scrolling=\"no\"><\/iframe>\n<\/div><\/figure>\n\n\n\n<h3 class=\"wp-block-heading\"><span style=\"text-decoration: underline;\"><a href=\"https:\/\/covermagazin.com\/?page_id=26929\">Ostale vrste dijeta za mr\u0161avljenje<\/a><\/span><\/h3>\n\n\n\n<p>Povratak na glavnu stranicu<a href=\"https:\/\/covermagazin.com\/?page_id=26929\"> dijeta<\/a><\/p>\n\n\n\n<figure class=\"wp-block-embed is-type-wp-embed is-provider-cover-magazin-com wp-block-embed-cover-magazin-com\"><div class=\"wp-block-embed__wrapper\">\n<blockquote class=\"wp-embedded-content\" data-secret=\"BBwgXMWQLb\"><a href=\"https:\/\/covermagazin.com\/?page_id=26929\">30 vrsta dijeta za mr\u0161avljenje s planovima dijeta<\/a><\/blockquote><iframe loading=\"lazy\" class=\"wp-embedded-content\" sandbox=\"allow-scripts\" security=\"restricted\" style=\"position: absolute; clip: rect(1px, 1px, 1px, 1px);\" title=\"&#8220;30 vrsta dijeta za mr\u0161avljenje s planovima dijeta&#8221; &#8212; COVERmagazin.com\" src=\"https:\/\/covermagazin.com\/?page_id=26929&#038;embed=true#?secret=RDIv3lMUNB#?secret=BBwgXMWQLb\" data-secret=\"BBwgXMWQLb\" width=\"500\" height=\"282\" frameborder=\"0\" marginwidth=\"0\" marginheight=\"0\" scrolling=\"no\"><\/iframe>\n<\/div><\/figure>\n","protected":false},"excerpt":{"rendered":"<p>Zdrava dijeta Zdrava dijeta je ina\u010dica zdrave prehrane. To zna\u010di da se zdravo hranimo po\u0161tuju\u0107i sva pravila zdrave prehrane, s malom izmjenom da unosimo manje kalorija nego \u0161to potro\u0161imo, te na taj na\u010din ostvarujemo kalorijski deficit, gubimo masno\u0107e, odnosno mr\u0161avimo. Cilj zdrave dijete je da izgubite na te\u017eini, a istovremeno se naviknete na principe zdrave [&hellip;]<\/p>\n","protected":false},"author":1,"featured_media":39530,"parent":26929,"menu_order":0,"comment_status":"closed","ping_status":"closed","template":"","meta":{"footnotes":"","_links_to":"","_links_to_target":""},"class_list":["post-26945","page","type-page","status-publish","has-post-thumbnail","hentry"],"_links":{"self":[{"href":"https:\/\/covermagazin.com\/index.php?rest_route=\/wp\/v2\/pages\/26945","targetHints":{"allow":["GET"]}}],"collection":[{"href":"https:\/\/covermagazin.com\/index.php?rest_route=\/wp\/v2\/pages"}],"about":[{"href":"https:\/\/covermagazin.com\/index.php?rest_route=\/wp\/v2\/types\/page"}],"author":[{"embeddable":true,"href":"https:\/\/covermagazin.com\/index.php?rest_route=\/wp\/v2\/users\/1"}],"replies":[{"embeddable":true,"href":"https:\/\/covermagazin.com\/index.php?rest_route=%2Fwp%2Fv2%2Fcomments&post=26945"}],"version-history":[{"count":9,"href":"https:\/\/covermagazin.com\/index.php?rest_route=\/wp\/v2\/pages\/26945\/revisions"}],"predecessor-version":[{"id":66241,"href":"https:\/\/covermagazin.com\/index.php?rest_route=\/wp\/v2\/pages\/26945\/revisions\/66241"}],"up":[{"embeddable":true,"href":"https:\/\/covermagazin.com\/index.php?rest_route=\/wp\/v2\/pages\/26929"}],"wp:featuredmedia":[{"embeddable":true,"href":"https:\/\/covermagazin.com\/index.php?rest_route=\/wp\/v2\/media\/39530"}],"wp:attachment":[{"href":"https:\/\/covermagazin.com\/index.php?rest_route=%2Fwp%2Fv2%2Fmedia&parent=26945"}],"curies":[{"name":"wp","href":"https:\/\/api.w.org\/{rel}","templated":true}]}}