{"id":26857,"date":"2024-11-27T14:47:30","date_gmt":"2024-11-27T12:47:30","guid":{"rendered":"http:\/\/covermagazin.com\/?page_id=26857"},"modified":"2024-11-27T14:47:31","modified_gmt":"2024-11-27T12:47:31","slug":"voce-i-povrce-za-zdravlje-prema-bolestima-koje-lijece","status":"publish","type":"page","link":"https:\/\/covermagazin.com\/?page_id=26857","title":{"rendered":"Ljekovito VO\u0106E I POVR\u0106E"},"content":{"rendered":"\n<p><a href=\"https:\/\/covermagazin.com\/?attachment_id=48557\" rel=\"attachment wp-att-48557\"><img loading=\"lazy\" decoding=\"async\" class=\"alignnone size-full wp-image-48557\" src=\"https:\/\/covermagazin.com\/wp-content\/uploads\/2020\/11\/Ljekovito-vo\u0107e-i-povr\u0107e-COVER-.jpg\" alt=\"Ljekovito vo\u0107e i povr\u0107e\" width=\"600\" height=\"399\" srcset=\"https:\/\/covermagazin.com\/wp-content\/uploads\/2020\/11\/Ljekovito-vo\u0107e-i-povr\u0107e-COVER-.jpg 600w, https:\/\/covermagazin.com\/wp-content\/uploads\/2020\/11\/Ljekovito-vo\u0107e-i-povr\u0107e-COVER--382x254.jpg 382w, https:\/\/covermagazin.com\/wp-content\/uploads\/2020\/11\/Ljekovito-vo\u0107e-i-povr\u0107e-COVER--576x384.jpg 576w\" sizes=\"auto, (max-width: 600px) 100vw, 600px\" \/><\/a><\/p>\n\n\n\n<h2 class=\"wp-block-heading\">Vo\u0107e i povr\u0107e za zdravlje prema bolestima koje lije\u010de<\/h2>\n\n\n\n<p>Vo\u0107e i povr\u0107e je zdravo, to ve\u0107 svi znaju, no i vo\u0107e i povr\u0107e se razlikuje prema svojim sastojcima kao i prema utjecaju na organizam. Najbolje je imati raznovrsnu prehranu, te vo\u0107e i povr\u0107e ukomponirati u zdravu i uravnote\u017eenu prehranu. Ispod navodimo za \u0161to je neko vo\u0107e i povr\u0107e posebno korisno.<\/p>\n\n\n\n<h3 class=\"wp-block-heading\">Ljekovitost vo\u0107a i povr\u0107a<\/h3>\n\n\n\n<p><strong><a href=\"https:\/\/covermagazin.com\/?p=60872\" data-type=\"post\" data-id=\"60872\">ANANAS<\/a><\/strong> \u2013 Poma\u017ee slabu probavu, te otapa materije koje ote\u017eavaju probavu. Lije\u010dnici ga preporu\u010duju pretilim osobama koje \u017eele smr\u0161aviti.<\/p>\n\n\n\n<p><strong><a href=\"https:\/\/covermagazin.com\/?p=68680\" data-type=\"post\" data-id=\"68680\">ARONIJA<\/a><\/strong> &#8211; Osna\u017euje tijelo u borbi protiv bakterija i virusa, odr\u017eava zdravlje mokra\u0107nog sustava, te ja\u010da pam\u0107enje.<\/p>\n\n\n\n<p><strong>ARTI\u010cOKA<\/strong> &#8211; Arti\u010doka je poznata kao prirodni lijek za uravnote\u017eenje masno\u0107a u krvi. Koristi se i kod bubre\u017enih, di\u0161nih i ko\u017enih bolesti, dijabetesa, gihta i reume te trovanja alkoholom, nikotinom i lijekovima. Preporu\u010duje se za detoksikaciju i ja\u010danje organizma.<\/p>\n\n\n\n<p><strong><a href=\"https:\/\/covermagazin.com\/?p=60595\" data-type=\"post\" data-id=\"60595\">BADEM<\/a><\/strong> \u2013 Otvara apetit. Bademovo mlijeko odli\u010dno skida \u0161minku i hrani ko\u017eu. Ako imate vi\u0161ak bjelan\u010devina u mokra\u0107i trebali biste izbjegavati bademovo ulje. Uzima se i pet badema, lagano \u017eva\u010du\u0107i protiv \u017egaravice.<\/p>\n\n\n\n<p><strong><a href=\"https:\/\/covermagazin.com\/?p=58802\" data-type=\"post\" data-id=\"58802\">BANANA<\/a><\/strong> \u2013 Poti\u010de rast organizma.<\/p>\n\n\n\n<p><strong><a href=\"https:\/\/covermagazin.com\/?p=63290\" data-type=\"post\" data-id=\"63290\">BLITVA<\/a><\/strong> &#8211; Djeluje povoljno na oko, te sprje\u010davaju makularnu degeneraciju, odnosno \u017eutu pjegu, razvoj glaukoma te sli\u010dnih poreme\u0107aja vida. Sadr\u017ei brojne vitamine i minerale, beta karoten i kvercetin koji su dobri u prevenciji raka. Bogata je vitaminom K i kalijem koji poma\u017eu kognitivnom razvoju i odr\u017eavanju kognitivnog zdravlja u starijoj dobi.<\/p>\n\n\n\n<p><strong>BOB<\/strong> &#8211; Regulira probavu, a utje\u010de i na mikrofloru crijeva pa poti\u010de ja\u010danje imunolo\u0161koga sustava. Poma\u017ee u sni\u017eavanju kilograma, pa se ova mahunarka preporu\u010duje osobama koje \u017eele smr\u0161aviti.<\/p>\n\n\n\n<p><strong><a href=\"https:\/\/covermagazin.com\/?p=60836\" data-type=\"post\" data-id=\"60836\">BOROVNICA<\/a><\/strong> \u2013 Uni\u0161tava bakterije. Ekstrakt borovnice koji se kupuje u ljekarnama koristi se za o\u010duvanje vida.<\/p>\n\n\n\n<p><strong><a href=\"https:\/\/covermagazin.com\/?p=68685\" data-type=\"post\" data-id=\"68685\">BRESKVA<\/a><\/strong> \u2013 Od sveg vo\u0107a najbolje odr\u017eava urednu stolicu. Sok je odli\u010dan za njegu lica.<\/p>\n\n\n\n<p><strong><a href=\"https:\/\/covermagazin.com\/?p=68698\" data-type=\"post\" data-id=\"68698\">BROKULA<\/a><\/strong> &#8211; Ima va\u017enu ulogu u zacjeljivanju rana te djeluje antialergijski. U kombinaciji s piletinom djeluje dobro za prevenciju nastanka tumora. Mo\u017ee napasti Herpes simplex virus i sprije\u010diti faktore koji poma\u017eu reprodukciji virusa.<\/p>\n\n\n\n<p><strong><a href=\"https:\/\/covermagazin.com\/?p=54385\" data-type=\"post\" data-id=\"54385\">BRUSNICA<\/a><\/strong> &#8211; Poznati je ljek za upale i probleme s mokra\u0107nim mjehurom. Osim utjecaja na mokra\u0107ni sustav, brusnica pozitivno djeluje i na zdravlje kardiovaskularnog sustava. Vi\u0161e o \u010daju od brusnice: <a href=\"https:\/\/covermagazin.com\/?page_id=29277\">Brusnica i \u010daj od BRUSNICE, utjecaj na zdravlje, nuspojave i priprema \u010daja<\/a><\/p>\n\n\n\n<p><strong><a href=\"https:\/\/covermagazin.com\/?p=68868\" data-type=\"post\" data-id=\"68868\">BUNDEVA<\/a> &#8211;<\/strong> Koristi se za umirenje upaljene ko\u017ee lica te pri pojavi akni i mitesera. Iznutra dobro djeluje kada se jede, a zgnje\u010dena se mo\u017ee nanijeti na lice kao maska. Ljekoviti sastojci iz bundeve \u0161tite organizam od razli\u010ditih alergija i infekcija, \u0161to je posebno va\u017eno u jesenskom i zimskom razdoblju, artritisa te oboljenja srca i krvotoka (ateroskleroze i sr\u010danog infarkta). Ko\u0161tice i njihova ulja koriste se u lije\u010denju pote\u0161ko\u0107a s funkcioniranjem mokra\u0107nog mjehura i bubrega, a posebno prostate.<\/p>\n\n\n\n<p><a href=\"https:\/\/covermagazin.com\/?p=71746\"><strong>\u010cE\u0160NJAK<\/strong> <\/a>\u2013 Lijek je protiv astme, oboljenja di\u0161nog sustava, arterioskleroze i visokog krvnog tlaka.<\/p>\n\n\n\n<p><strong><a href=\"https:\/\/covermagazin.com\/?p=70691\" data-type=\"post\" data-id=\"70691\">CIKLA<\/a><\/strong> &#8211; utje\u010de na obnavljanje krvi, suzbija rast stanica tumora i slu\u017ei kao prirodno sredstvo za za\u0161titu i otklanjanje posljedica \u0161tetnog zra\u010denja. Betain i betanin iz cikle poma\u017eu u u\u010dvr\u0161\u0107enju krvnih \u017eila, reguliranju krvnog tlaka, smanjuju kolesterol u krvi, poti\u010du metabolizam i rad jetara, te ja\u010daju i obrambeni sustav.<\/p>\n\n\n\n<p><strong>CRVENI LUK<\/strong> &#8211; Koristi se kod prehlade. U jednu \u0161alicu mlijeka prokuhati glavicu crvenog luka. Procijediti, zasladiti i odmah popiti.<\/p>\n\n\n\n<p><strong>CVJETA\u010cA<\/strong> &#8211; Cvjeta\u010da se smatra jednom od naju\u010dinkovitijih namirnica za spre\u010davanje raka. Poma\u017ee kod mr\u0161avljenja, a jedete li je uve\u010der poma\u017ee da se smirite i imate dobar san.<\/p>\n\n\n\n<p><strong><a href=\"https:\/\/covermagazin.com\/?p=70714\" data-type=\"post\" data-id=\"70714\">DATULJA<\/a><\/strong> &#8211; Ka\u017ee se da su datulje prirodni multivitamini zbog omjera i bogatstva minerala i vitamina u sebi. Poznati su lijek protiv zatvora. 5 suhih datulja se nasjecka u \u0161alicu mlakog mlijeka, te doda mala \u017eli\u010dica maslinovog ulja. Jede se ujutro.<\/p>\n\n\n\n<p><strong>DUD<\/strong> &#8211; Dud ili murva prirodni je tonik za krv, jer \u010disti i ja\u010da kardiovaskularni sustav.<\/p>\n\n\n\n<p><strong>DUNJA<\/strong> \u2013 Izvanredno djeluje protiv bora. Losion od dunja se lako priprema. Koru od dvije dunje dr\u017eati potopljene u rakiji (alkoholu) 15 dana. Procijediti i dodati istu koli\u010dinu ru\u017eine vodice.<\/p>\n\n\n\n<p><strong><a href=\"https:\/\/covermagazin.com\/?p=59485\" data-type=\"post\" data-id=\"59485\">GRAH<\/a><\/strong> &#8211; Prehrana bogata grahom mo\u017ee smanjiti rizik od sr\u010danih oboljenja i odre\u0111enih vrsta raka. Grah sadr\u017ei gotovo sve esencijalne aminokiseline, te sadr\u017ei lecitin, kalij, kalcij, \u017eeljezo, fosfor, magnezij, cink i natrij.<\/p>\n\n\n\n<p><strong>GRA\u0160AK<\/strong> &#8211; Odr\u017eava zdravlje kostiju i sr\u010dano-krvo\u017eilnog sustava jer je izvrstan izvor vitamina K. Gra\u0161ak tako\u0111er osigurava nutrijente koji poma\u017eu u prevenciji od raka, primjerice, vitamin C, A Dobar je i izvor \u017eeljeza.<\/p>\n\n\n\n<p><strong><a href=\"https:\/\/covermagazin.com\/?p=60783\" data-type=\"post\" data-id=\"60783\">GRO\u017d\u0110E<\/a> \u2013<\/strong> Treba ga jesti ujutro jer bolje djeluje. Oboga\u0107uje organizam mineralnim solima. Svje\u017e sok osvje\u017eava i odli\u010dan je za ten.<\/p>\n\n\n\n<p><strong><a href=\"https:\/\/covermagazin.com\/?p=58925\" data-type=\"post\" data-id=\"58925\">JABUKA<\/a><\/strong> \u2013 Dobro je sredstvo za obnovu \u017eiv\u010danog sustava. Kompot od jabuka koristi se kod lo\u0161e probave.<\/p>\n\n\n\n<p><strong><a href=\"https:\/\/covermagazin.com\/?p=60729\" data-type=\"post\" data-id=\"60729\">JAGODA<\/a><\/strong> \u2013 \u010caj pripremljen od li\u0161\u0107a jagode (30 g na litru vode), zasla\u0111en medom, preporu\u010duje se ujutro pu\u0161a\u010dima. Ja\u010di \u010daj (100g na 1l vode) smanjuje bolove u bubrezima i lije\u010di proljev. Maska od jagoda \u010disti ten, otklanja nate\u010denost kapaka. Pravi se ovako: Soku svje\u017eih jagoda doda se \u017elica ru\u017eine vodice i pomije\u0161a sa snijegom jednog bjelanjka. Dr\u017ei se na licu \u00bd sata i ispire vodom, zatim ru\u017einom vodicom.<\/p>\n\n\n\n<p><strong><a href=\"https:\/\/covermagazin.com\/?p=70749\" data-type=\"post\" data-id=\"70749\">KIVI<\/a><\/strong> &#8211; Kivi ja\u010da imunitet, regulira krvni tlak i probavu, poma\u017ee u lije\u010denju respiratornih oboljenja, glavobolje i stresa.<\/p>\n\n\n\n<p><a href=\"https:\/\/covermagazin.com\/?p=60929\" data-type=\"post\" data-id=\"60929\"><strong>KRASTAVAC<\/strong> <\/a>\u2013 Trljanjem krastavcima uklanjati pigmentacijske mrlje s ko\u017ee. Osje\u0107ate li popodnevni umor, krastavci su dobar izvor B vitamina i ugljikohidrata koji \u0107e brzo vratiti energiju koja \u0107e trajati satima.<\/p>\n\n\n\n<p><strong><a href=\"https:\/\/covermagazin.com\/?p=55484\" data-type=\"post\" data-id=\"55484\">KRUMPIR<\/a><\/strong> \u2013 Kolutovi ili nariban krumpir se stavljaju na manje opekotine. Sirov nariban se stavlja i protiv nate\u010denih o\u010diju, o\u010dnih kapaka i podo\u010dnjaka. Izvanredno je sredstvo za \u010di\u0161\u0107enje ko\u017ee. Voda u kojoj se kuhao krumpir odli\u010dan je losion protiv alergijskih promjena na ko\u017ei.<\/p>\n\n\n\n<p><strong><a href=\"https:\/\/covermagazin.com\/?p=60958\" data-type=\"post\" data-id=\"60958\">KRU\u0160KA<\/a><\/strong> \u2013 Lijek je protiv upale zglobova.<\/p>\n\n\n\n<p><strong>KUPINA<\/strong> \u2013 Sok ili sirup na\u010dinjen od kupina odli\u010dno je sredstvo za borbu protiv ka\u0161lja.<\/p>\n\n\n\n<p><strong><a href=\"https:\/\/covermagazin.com\/?p=59041\" data-type=\"post\" data-id=\"59041\">KUPUS<\/a><\/strong> \u2013 Ako skuhate kupus u mlijeku dobit \u0107ete napitak protiv bronhitisa. Voda u kojoj je kuhan kupus izvanredna je za ko\u017eu. Sok iscije\u0111en iz glavice svje\u017eeg kupusa pomije\u0161an sa dvije \u017elice \u0161e\u0107era otklanja posljedice pijanstva.<\/p>\n\n\n\n<p><strong>LIMUN<\/strong> \u2013 Ubija bakcile. Preporu\u010duje se onima koji imaju bolesno srce i jetru. Djelotvoran je kod pro\u010di\u0161\u0107avanja probavnog sustava. Otapa masne materije, pa mla\u0111im \u017eenama s masnom ko\u017eom popravlja ten, a kod starijih sprje\u010dava nastanak bora.<\/p>\n\n\n\n<p><strong><a href=\"https:\/\/covermagazin.com\/?p=63287\" data-type=\"post\" data-id=\"63287\">MALINA<\/a><\/strong> \u2013 Popravlja tek i pobolj\u0161ava probavu. Li\u0161\u0107e maline ima ista svojstva kao i li\u0161\u0107e jagoda. Preporu\u010duje se i za ubla\u017eavanje ka\u0161lja.<\/p>\n\n\n\n<p><strong><a href=\"https:\/\/covermagazin.com\/?p=59025\" data-type=\"post\" data-id=\"59025\">MANDARINA<\/a><\/strong> &#8211; Mandarine pozitivno djeluju i na kognitivno zdravlje, jer pobolj\u0161avaju funkcije mozga i doprinose boljem pam\u0107enju.<\/p>\n\n\n\n<p><strong>MARELICA<\/strong> \u2013 Preporu\u010duje se intelektualcima jer sadr\u017ei elemente koji ja\u010daju \u017eiv\u010dani sustav.<\/p>\n\n\n\n<p><strong><a href=\"https:\/\/covermagazin.com\/?p=60747\" data-type=\"post\" data-id=\"60747\">MRKVA<\/a><\/strong> \u2013 Neophodna je za zdrav vid, rast i razvoj. Oblozi od mrkve upotrebljavaju se u lije\u010denju \u010direva. U\u010dinkovita je i u poreme\u0107ajima mokrenja. Sok od mrkve, pomije\u0161an s naran\u010dinim sokom, ako se pije ujutro dobar je za ko\u017eu.<\/p>\n\n\n\n<p><strong>MU\u0160MULA<\/strong> &#8211; Lijek protiv \u017eelud\u010danih tegoba, a blagotvorno djeluje na cijeli organizam.<\/p>\n\n\n\n<p><strong><a href=\"https:\/\/covermagazin.com\/?p=60950\" data-type=\"post\" data-id=\"60950\">NARAN\u010cA<\/a><\/strong> \u2013 Olak\u0161ava probavu. Pobolj\u0161ava krvnu sliku, a koristi se za njegu lica i ko\u017ee. Dovoljno je kri\u0161kom naran\u010de masirati lice. Ostaviti da djeluje pola sata, a zatim lice isprati mlakom vodom.<\/p>\n\n\n\n<p><strong>NEKTARINA<\/strong> &#8211; Poma\u017ee ja\u010danju imunolo\u0161kog sustava, te prevenira prerano starnje i doprinosi o\u010duvanju vitalnosti.<\/p>\n\n\n\n<p><a href=\"https:\/\/covermagazin.com\/?p=60604\" data-type=\"post\" data-id=\"60604\"><strong>ORAH<\/strong> <\/a>\u2013 Dobro djeluje protiv glista. Sok od oraha lije\u010di li\u0161ajeve. Ako se nama\u017eete orahovim li\u0161\u0107em sprije\u010dit \u0107ete ujede osa.<\/p>\n\n\n\n<p><strong><a href=\"https:\/\/covermagazin.com\/?p=59085\" data-type=\"post\" data-id=\"59085\">PAPRIKA<\/a><\/strong> \u2013 Kod upale zglobova treba upaljena mjesta trljati paprikom.<\/p>\n\n\n\n<p><strong>PATLID\u017dAN<\/strong> &#8211; Patlid\u017ean je dobar u borbi protiv kolesterola. Preventivna uloga patlid\u017eana vidljiva je u prevenciji oboljenja u \u010dijem napredovanju angiogeneza ima zna\u010dajnu ulogu.<\/p>\n\n\n\n<p><strong>PORILUK<\/strong> \u2013 Voda u kojoj se kuhao poriluk ima diureti\u010dna svojstva.<\/p>\n\n\n\n<p><strong>RIBIZLA<\/strong> \u2013 Sok i \u017eele od ribizli se preporu\u010duju osobama s o\u0161te\u0107enom jetrom. Olak\u0161avaju probavu.<\/p>\n\n\n\n<p><strong><a href=\"https:\/\/covermagazin.com\/?p=60904\" data-type=\"post\" data-id=\"60904\">SMOKVA<\/a><\/strong> \u2013 Protiv lo\u0161e probave djeluje dobro kompot od smokava.<\/p>\n\n\n\n<p><strong>\u0160PINAT<\/strong> \u2013 Koristi se kod upale zglobova, reumatizma, bolova u trbuhu ili slabe jetre.<\/p>\n\n\n\n<p><strong><a href=\"https:\/\/covermagazin.com\/?p=63146\" data-type=\"post\" data-id=\"63146\">TRE\u0160NJA<\/a><\/strong> \u2013 Lijek je protiv zatvora. \u010caj od peteljki je na glasu kao sredstvo za reguliranje mokrenja.<\/p>\n\n\n\n<p><strong>ZELENA SALATA<\/strong> \u2013 Treba je jesti da bi se sprije\u010dile neuroze. Pobolj\u0161ava san. Protiv nesanice se mo\u017ee upotrebljavati i u obliku \u010daja.<\/p>\n\n\n\n<h3 class=\"wp-block-heading\">Sezonsko vo\u0107e i povr\u0107e<\/h3>\n\n\n\n<p>Vo\u0107e i povr\u0107e je najdostupnije, najjeftinije, ali i najboljeg okusa i mirisa, kao i nutritivnih vrijednosti kada je njegova prirodna sezona dozrijevanja.<\/p>\n\n\n\n<p>U Hrvatskoj zbog razli\u010ditosti klime u Dalmaciji, Lici i Slavoniji, mo\u017eemo prona\u0107i vo\u0107e i povr\u0107e du\u017ee razdoblje nego u drugim krajevima, \u0161to je velika prednost i produ\u017euje sezonu svakog vo\u0107a i povr\u0107a.<\/p>\n\n\n\n<figure class=\"wp-block-table\"><table class=\"has-fixed-layout\"><tbody><tr><td><strong>SIJE\u010cANJ<\/strong><\/td><td>VO\u0106E: jabuka, naran\u010da, mandarina, limun, grejp, nar.\n<p>POVR\u0106E: kelj, cvjeta\u010da, brokule, zelena salata, endivija, ra\u0161tika, crveni radi\u010d, matovilac, \u0161pinat, poriluk, cikla, celer, korabica, per\u0161in, repa, rotkvica.<\/p>\n<\/td><\/tr><tr><td><strong>VELJA\u010cA<\/strong><\/td><td>VO\u0106E: jabuka, naran\u010da, limun, grejp, nar.\n<p>POVR\u0106E: kelj, cvjeta\u010da, brokule, zelena salata, endivija, crveni radi\u010d, matovilac, \u0161pinat, poriluk, cikla, celer, korabica, per\u0161in, repa, rotkvica.<\/p>\n<\/td><\/tr><tr><td><strong>O\u017dUJAK<\/strong><\/td><td>VO\u0106E: jabuka, naran\u010da, limun, nar, kivi.\n<p>POVR\u0106E: kupus, kelj, brokula, cvjeta\u010da, zelena salata, endivija, crveni radi\u010d, zeleni radi\u010d, matovilac, blitva, \u0161pinat, cikla, celer, korabica, per\u0161in, repa, rotkvica.<\/p>\n<\/td><\/tr><tr><td><strong>TRAVANJ<\/strong><\/td><td>VO\u0106E: kivi.\n<p>POVR\u0106E: \u0161paroge, paprika, tikvica, kupus, kelj, kelj pup\u010dar, cvjeta\u010da, brokula, zelena salata, endivija, crveni radi\u010d, zeleni radi\u010d, matovilac, rukola, blitva, \u0161pinat, cikla, celer, korabica, mrkva, per\u0161in, repa, crveni luk, zeleni gra\u0161ak, rotkvica.<\/p>\n<\/td><\/tr><tr><td><strong>SVIBANJ<\/strong><\/td><td>VO\u0106E: jagode, tre\u0161nje.\n<p>POVR\u0106E: \u0161paroge, paprika, raj\u010dica, tikvica, kupus, kelj, cvjeta\u010da, brokula, zelena salata, endivija, crveni radi\u010d, zeleni radi\u010d, matovilac, rukola, blitva, cikla, celer, korabica, mrkva, per\u0161in, krumpir, crveni luk, zeleni gra\u0161ak, bob, rotkvica.<\/p>\n<\/td><\/tr><tr><td><strong>LIPANJ<\/strong><\/td><td>VO\u0106E: lubenica, jagode, maline, borovnica, dud, ribizli, tre\u0161nje, vi\u0161nje, kru\u0161ka, breskva, nektarina, marelica.\n<p>POVR\u0106E: \u0161paroge, paprika, raj\u010dica, krastavci, patlid\u017ean, tikvica, kupus, kelj, zelena salata, endivija, crveni radi\u010d, zeleni radi\u010d, matovilac, blitva, cikla, celer, korabica, mrkva, per\u0161in, hren,&nbsp; mahune, rotkvica, krumpir, luk, kukuruz, zeleni gra\u0161ak, bob, brokula.<\/p>\n<\/td><\/tr><tr><td><strong>SRPANJ<\/strong><\/td><td>VO\u0106E: lubenica, dinja, jagode, maline, kupine, borovnica, crni dud, ribizli, vi\u0161nje, jabuka, kru\u0161ka, breskva, nektarina, marelica, smokva, gro\u017e\u0111e.\n<p>POVR\u0106E: gra\u0161ak, mahune, bob, paprika, feferoni, raj\u010dica, krastavci, patlid\u017ean, tikvica, kupus, zelena salata, endivija, crveni radi\u010d, zeleni radi\u010d, matovilac, blitva, cikla, celer, korabica, mrkva, per\u0161in, hren,&nbsp; crvena rotkvica, krumpir, luk, \u010de\u0161njak.<\/p>\n<\/td><\/tr><tr><td><strong>KOLOVOZ<\/strong><\/td><td>VO\u0106E: borovnica, dud, vi\u0161nje, jabuka, kru\u0161ka, breskva, nektarina, marelica, gro\u017e\u0111e, dinja, lubenica.\n<p>POVR\u0106E: paprika, feferoni, raj\u010dica, krastavci, patlid\u017ean, tikvica, kupus, zelena salata, endivija, crveni radi\u010d, zeleni radi\u010d, matovilac, blitva, cikla, celer, korabica, mrkva, per\u0161in, hren,&nbsp; crvena rotkvica, krumpir, crveni luk, \u010de\u0161njak,&nbsp; kukuruz, bob.<\/p>\n<\/td><\/tr><tr><td><strong>RUJAN<\/strong><\/td><td>VO\u0106E: maline, kupine, kru\u0161ka, jabuka, \u0161ljiva, dunja, nektarina, gro\u017e\u0111e, nar, smokva, orah, lje\u0161njak, badem, kesten grejp.\n<p>POVR\u0106E: \u0161paroge, paprika, feferoni, raj\u010dica, krastavci, patlid\u017ean, tikvica, kupus, kelj pup\u010dar, cvjeta\u010da, zelena salata, endivija, crveni radi\u010d, zeleni radi\u010d, matovilac, rukola, blitva, \u0161pinat, cikla, celer, korabica, mrkva, per\u0161in, hren,&nbsp; crvena rotkvica, repa, krumpir,&nbsp; \u010de\u0161njak,&nbsp; kukuruz, grah mahunar.<\/p>\n<\/td><\/tr><tr><td><strong>LISTOPAD<\/strong><\/td><td>VO\u0106E: kru\u0161ka, jabuka, \u0161ljiva, dunja, marelica, gro\u017e\u0111e, nar, orah, lje\u0161njak, badem, kesten, grejp.\n<p>POVR\u0106E: \u0161paroge, paprika, feferoni, raj\u010dica, krastavci, patlid\u017ean, tikvica, kupus, kelj, kelj pup\u010dar, cvjeta\u010da, brokula, zelena salata, endivija, crveni radi\u010d, matovilac, rukola, blitva, \u0161pinat, cikla, celer, korabica, mrkva, per\u0161in, hren, repa.<\/p>\n<\/td><\/tr><tr><td><strong>STUDENI<\/strong><\/td><td>VO\u0106E: jabuka, grejp, naran\u010da, mandarina, limun, brusnica.\n<p>POVR\u0106E: paprika, kupus, kelj, kelj pup\u010dar, cvjeta\u010da, brokula, zelena salata, endivija, crveni radi\u010d, matovilac, \u0161pinat, cikla, celer, korabica, mrkva, per\u0161in, repa, poriluk.<\/p>\n<\/td><\/tr><tr><td><strong>PROSINAC<\/strong><\/td><td>VO\u0106E: naran\u010da, mandarina, grejp, limun, nar, brusnica.\n<p>POVR\u0106E: kelj, cvjeta\u010da, brokula, zelena salata, endivija, radi\u0107, matovilac, \u0161pinat, cikla, celer, korabica, per\u0161in, repa, poriluk.<\/p>\n<\/td><\/tr><\/tbody><\/table><\/figure>\n","protected":false},"excerpt":{"rendered":"<p>Vo\u0107e i povr\u0107e za zdravlje prema bolestima koje lije\u010de Vo\u0107e i povr\u0107e je zdravo, to ve\u0107 svi znaju, no i vo\u0107e i povr\u0107e se razlikuje prema svojim sastojcima kao i prema utjecaju na organizam. Najbolje je imati raznovrsnu prehranu, te vo\u0107e i povr\u0107e ukomponirati u zdravu i uravnote\u017eenu prehranu. Ispod navodimo za \u0161to je neko [&hellip;]<\/p>\n","protected":false},"author":1,"featured_media":48557,"parent":0,"menu_order":0,"comment_status":"closed","ping_status":"closed","template":"","meta":{"footnotes":"","_links_to":"","_links_to_target":""},"class_list":["post-26857","page","type-page","status-publish","has-post-thumbnail","hentry"],"_links":{"self":[{"href":"https:\/\/covermagazin.com\/index.php?rest_route=\/wp\/v2\/pages\/26857","targetHints":{"allow":["GET"]}}],"collection":[{"href":"https:\/\/covermagazin.com\/index.php?rest_route=\/wp\/v2\/pages"}],"about":[{"href":"https:\/\/covermagazin.com\/index.php?rest_route=\/wp\/v2\/types\/page"}],"author":[{"embeddable":true,"href":"https:\/\/covermagazin.com\/index.php?rest_route=\/wp\/v2\/users\/1"}],"replies":[{"embeddable":true,"href":"https:\/\/covermagazin.com\/index.php?rest_route=%2Fwp%2Fv2%2Fcomments&post=26857"}],"version-history":[{"count":14,"href":"https:\/\/covermagazin.com\/index.php?rest_route=\/wp\/v2\/pages\/26857\/revisions"}],"predecessor-version":[{"id":71879,"href":"https:\/\/covermagazin.com\/index.php?rest_route=\/wp\/v2\/pages\/26857\/revisions\/71879"}],"wp:featuredmedia":[{"embeddable":true,"href":"https:\/\/covermagazin.com\/index.php?rest_route=\/wp\/v2\/media\/48557"}],"wp:attachment":[{"href":"https:\/\/covermagazin.com\/index.php?rest_route=%2Fwp%2Fv2%2Fmedia&parent=26857"}],"curies":[{"name":"wp","href":"https:\/\/api.w.org\/{rel}","templated":true}]}}